{"id":1864,"date":"2022-08-23T07:02:00","date_gmt":"2022-08-23T07:02:00","guid":{"rendered":"https:\/\/kenes-rakishev.net\/?page_id=1864"},"modified":"2023-11-13T07:29:46","modified_gmt":"2023-11-13T07:29:46","slug":"who-is-kenes-rakishev","status":"publish","type":"page","link":"https:\/\/kenes-rakishev.net\/de_ch\/who-is-kenes-rakishev\/","title":{"rendered":"Wer ist Kenes Rakishev?"},"content":{"rendered":"<div data-elementor-type=\"wp-page\" data-elementor-id=\"1864\" class=\"elementor elementor-1864\" data-elementor-post-type=\"page\">\n\t\t\t\t<div class=\"elementor-element elementor-element-bf74eb6 e-flex e-con-boxed e-con e-parent\" data-id=\"bf74eb6\" data-element_type=\"container\" data-e-type=\"container\">\n\t\t\t\t\t<div class=\"e-con-inner\">\n\t\t\t\t<div class=\"elementor-element elementor-element-2904d5d elementor-widget elementor-widget-heading\" data-id=\"2904d5d\" data-element_type=\"widget\" data-e-type=\"widget\" data-widget_type=\"heading.default\">\n\t\t\t\t<div class=\"elementor-widget-container\">\n\t\t\t\t\t<h2 class=\"elementor-heading-title elementor-size-default\">Analysieren wir die Aktivit\u00e4ten von Kenes Rakishev im Detail.<\/h2>\t\t\t\t<\/div>\n\t\t\t\t<\/div>\n\t\t\t\t<div class=\"elementor-element elementor-element-23b3faa elementor-widget elementor-widget-image\" data-id=\"23b3faa\" data-element_type=\"widget\" data-e-type=\"widget\" data-widget_type=\"image.default\">\n\t\t\t\t<div class=\"elementor-widget-container\">\n\t\t\t\t\t\t\t\t\t\t\t\t\t\t\t<img fetchpriority=\"high\" decoding=\"async\" width=\"1600\" height=\"1066\" src=\"https:\/\/kenes-rakishev.net\/wp-content\/uploads\/2023\/11\/kenesrakishev.jpg\" class=\"attachment-full size-full wp-image-1866\" alt=\"kenes rakishev\" srcset=\"https:\/\/kenes-rakishev.net\/wp-content\/uploads\/2023\/11\/kenesrakishev.jpg 1600w, https:\/\/kenes-rakishev.net\/wp-content\/uploads\/2023\/11\/kenesrakishev-300x200.jpg 300w, https:\/\/kenes-rakishev.net\/wp-content\/uploads\/2023\/11\/kenesrakishev-1024x682.jpg 1024w, https:\/\/kenes-rakishev.net\/wp-content\/uploads\/2023\/11\/kenesrakishev-768x512.jpg 768w, https:\/\/kenes-rakishev.net\/wp-content\/uploads\/2023\/11\/kenesrakishev-1536x1023.jpg 1536w, https:\/\/kenes-rakishev.net\/wp-content\/uploads\/2023\/11\/kenesrakishev-18x12.jpg 18w\" sizes=\"(max-width: 1600px) 100vw, 1600px\" \/>\t\t\t\t\t\t\t\t\t\t\t\t\t\t\t<\/div>\n\t\t\t\t<\/div>\n\t\t\t\t<div class=\"elementor-element elementor-element-1f603e4 elementor-widget elementor-widget-text-editor\" data-id=\"1f603e4\" data-element_type=\"widget\" data-e-type=\"widget\" data-widget_type=\"text-editor.default\">\n\t\t\t\t<div class=\"elementor-widget-container\">\n\t\t\t\t\t\t\t\t\t<p>Kenes Rakishev ist eine wichtige Figur in der politischen und wirtschaftlichen Arena Kasachstans. Der Risikokapitalgeber hat viele gro\u00dfe Projekte realisiert und viel Kapital in die Wirtschaft gelockt. Dar\u00fcber hinaus engagiert sich Rachitschew aktiv f\u00fcr wohlt\u00e4tige Zwecke und die Unterst\u00fctzung junger Unternehmer.<\/p>\t\t\t\t\t\t\t\t<\/div>\n\t\t\t\t<\/div>\n\t\t\t\t<div class=\"elementor-element elementor-element-3838103 elementor-widget elementor-widget-heading\" data-id=\"3838103\" data-element_type=\"widget\" data-e-type=\"widget\" data-widget_type=\"heading.default\">\n\t\t\t\t<div class=\"elementor-widget-container\">\n\t\t\t\t\t<h2 class=\"elementor-heading-title elementor-size-default\">Familienbeziehungen und Privatleben<\/h2>\t\t\t\t<\/div>\n\t\t\t\t<\/div>\n\t\t\t\t<div class=\"elementor-element elementor-element-50014ab elementor-widget elementor-widget-text-editor\" data-id=\"50014ab\" data-element_type=\"widget\" data-e-type=\"widget\" data-widget_type=\"text-editor.default\">\n\t\t\t\t<div class=\"elementor-widget-container\">\n\t\t\t\t\t\t\t\t\t<p>Kenes Rachitschew wurde in der Familie von Hamit Koschanowitsch Rachitschew geboren, der damals die Industrie- und Handelskammer von Kasachstan leitete. Seine Eltern bem\u00fchten sich, ihrem Sohn eine hervorragende Ausbildung zukommen zu lassen, und das Beispiel seines Vaters und seiner Freunde spornte Kenes an, flei\u00dfig zu lernen. Rachishev erhielt in seinem Heimatland zwei h\u00f6here Ausbildungen: an der Staatlichen Rechtsakademie und an der T. Ryskulov University of Economics. F\u00fcnf Jahre, nachdem er sein eigenes Unternehmen gegr\u00fcndet hatte, erwarb Kenes Rakishev ein Diplom der Oxford Said Business-School in Advanced Management und ein Zertifikat der London Business School in Developing Strategy for Value Creation.<\/p><p>Im Alter von zwanzig Jahren heiratete Kenes Rachitschew die Tochter eines der Partner seines Vaters, Asel Tasmagambetowa. Der Schwiegervater des Gesch\u00e4ftsmannes ist Imangali Nurgalievich Tasmagambetov, eine bedeutende politische Pers\u00f6nlichkeit. Er war Leiter der Pr\u00e4sidialverwaltung, Akim von Almaty und Astana sowie Verteidigungsminister der Republik Kasachstan.<\/p>\t\t\t\t\t\t\t\t<\/div>\n\t\t\t\t<\/div>\n\t\t\t\t<div class=\"elementor-element elementor-element-b2bbb7f elementor-widget elementor-widget-image\" data-id=\"b2bbb7f\" data-element_type=\"widget\" data-e-type=\"widget\" data-widget_type=\"image.default\">\n\t\t\t\t<div class=\"elementor-widget-container\">\n\t\t\t\t\t\t\t\t\t\t\t\t\t\t\t<img decoding=\"async\" width=\"1000\" height=\"667\" src=\"https:\/\/kenes-rakishev.net\/wp-content\/uploads\/2023\/11\/\u0440\u0430\u043a\u0438\u0448\u0435\u0432300318-1.jpg\" class=\"attachment-full size-full wp-image-1867\" alt=\"Kenes Rakishev mit seiner Frau Aselle Tasmagambetova\" srcset=\"https:\/\/kenes-rakishev.net\/wp-content\/uploads\/2023\/11\/\u0440\u0430\u043a\u0438\u0448\u0435\u0432300318-1.jpg 1000w, https:\/\/kenes-rakishev.net\/wp-content\/uploads\/2023\/11\/\u0440\u0430\u043a\u0438\u0448\u0435\u0432300318-1-300x200.jpg 300w, https:\/\/kenes-rakishev.net\/wp-content\/uploads\/2023\/11\/\u0440\u0430\u043a\u0438\u0448\u0435\u0432300318-1-768x512.jpg 768w, https:\/\/kenes-rakishev.net\/wp-content\/uploads\/2023\/11\/\u0440\u0430\u043a\u0438\u0448\u0435\u0432300318-1-18x12.jpg 18w\" sizes=\"(max-width: 1000px) 100vw, 1000px\" \/>\t\t\t\t\t\t\t\t\t\t\t\t\t\t\t<\/div>\n\t\t\t\t<\/div>\n\t\t\t\t<div class=\"elementor-element elementor-element-fced238 elementor-widget elementor-widget-text-editor\" data-id=\"fced238\" data-element_type=\"widget\" data-e-type=\"widget\" data-widget_type=\"text-editor.default\">\n\t\t\t\t<div class=\"elementor-widget-container\">\n\t\t\t\t\t\t\t\t\t<p>Asel Tasmagambetova ist Inhaberin der Kosmetikmarke Telli, die Biokosmetik und Parf\u00fcm herstellt. Au\u00dferdem ist sie Direktorin des Zentralasiatischen Instituts f\u00fcr Umweltstudien. Trotz ihrer aktiven \u00f6ffentlichen und sozialen Arbeit mag Asel es jedoch nicht, wenn man auf sie aufmerksam wird, gibt selten Interviews und tritt nicht im Fernsehen auf.<\/p><p>Kenes und Asel haben zwei S\u00f6hne und zwei T\u00f6chter - Dinmuhamed und Nuriddin, Sirin und Iman.<\/p>\t\t\t\t\t\t\t\t<\/div>\n\t\t\t\t<\/div>\n\t\t\t\t<div class=\"elementor-element elementor-element-0ba1f02 elementor-widget elementor-widget-heading\" data-id=\"0ba1f02\" data-element_type=\"widget\" data-e-type=\"widget\" data-widget_type=\"heading.default\">\n\t\t\t\t<div class=\"elementor-widget-container\">\n\t\t\t\t\t<h2 class=\"elementor-heading-title elementor-size-default\">Unternehmens- und Karriereentwicklung<\/h2>\t\t\t\t<\/div>\n\t\t\t\t<\/div>\n\t\t\t\t<div class=\"elementor-element elementor-element-8ccac2d elementor-widget elementor-widget-text-editor\" data-id=\"8ccac2d\" data-element_type=\"widget\" data-e-type=\"widget\" data-widget_type=\"text-editor.default\">\n\t\t\t\t<div class=\"elementor-widget-container\">\n\t\t\t\t\t\t\t\t\t<p>Der Beginn von Kenes Rakishevs Karriere ist mit dem \u00d6l- und Gassektor verbunden. Im Jahr 2000 wurde er zum Leiter der Marketingabteilung von Intergas Central Asia ernannt. Sp\u00e4ter wurde er Vizepr\u00e4sident von KazTransGas JSC und der Union der Industrie- und Handelskammer der Republik Kasachstan.<\/p><p>Im Jahr 2006 \u00fcbernimmt der junge Gesch\u00e4ftsmann den Vorsitz des Verwaltungsrats der Industrieholding SAT &amp; Co. Im Jahr 2012 erwirbt er eine Mehrheitsbeteiligung an dem Unternehmen.<\/p><p>2014 kauft die Kazkommertsbank\" unter der Leitung von Kenes Rakishev die Anteile der russischen BTA Bank\" auf.<\/p><p>Im Jahr 2018 k\u00fcndigte Ladji, das sich im Besitz der BTA Bank befindet, die Wiederaufnahme der Bauarbeiten an drei eingefrorenen Standorten in Moskau an. Kenes Rakishev sagte, man suche nach Investoren f\u00fcr den Bau eines multifunktionalen Gewerbe- und Industriekomplexes am Paveletskaya-Platz. In der Poklonnaya-Stra\u00dfe wird ein Gesch\u00e4ftszentrum mit einem F\u00fcnf-Sterne-Hotel und Wohnungen entstehen. Die Fonchenko Brothers Street wird mit einem Wohnkomplex der Spitzenklasse und einem Einkaufszentrum ausgestattet. Die Fertigstellung der Objekte ist f\u00fcr 2022 geplant.<\/p>\t\t\t\t\t\t\t\t<\/div>\n\t\t\t\t<\/div>\n\t\t\t\t<div class=\"elementor-element elementor-element-3a67d1c elementor-widget elementor-widget-heading\" data-id=\"3a67d1c\" data-element_type=\"widget\" data-e-type=\"widget\" data-widget_type=\"heading.default\">\n\t\t\t\t<div class=\"elementor-widget-container\">\n\t\t\t\t\t<h2 class=\"elementor-heading-title elementor-size-default\">Investitionst\u00e4tigkeit<\/h2>\t\t\t\t<\/div>\n\t\t\t\t<\/div>\n\t\t\t\t<div class=\"elementor-element elementor-element-2a96599 elementor-widget elementor-widget-text-editor\" data-id=\"2a96599\" data-element_type=\"widget\" data-e-type=\"widget\" data-widget_type=\"text-editor.default\">\n\t\t\t\t<div class=\"elementor-widget-container\">\n\t\t\t\t\t\t\t\t\t<p>Mit der Entwicklung seiner Investitionst\u00e4tigkeit wendet Kenes Rakishev seine Aufmerksamkeit den Bereichen Versicherungen, Risikofonds und IT-Technologie zu. Seit 2012 ist er Mitglied des Verwaltungsrats des Risikofonds Fastlane Ventures.<\/p><p>Rachitschews eigener Risikofonds, der mit Unterst\u00fctzung des ehemaligen israelischen Premierministers gegr\u00fcndet wurde, nahm 2013 seine T\u00e4tigkeit auf. Der Schwerpunkt des Singulariteam-Fonds liegt auf der Suche nach und Entwicklung von neuen Technologien in den Bereichen Robotik und IT.<\/p><p>Die wichtigsten Investitionen des Fonds sind:<\/p><ul><li>Net Element company - Dienst f\u00fcr elektronische Transaktionen;<\/li><li>Qcard.ru Service - elektronische Zahlungen;<\/li><li>Einzelhandelskette Magnum Cash &amp; Carry.<\/li><\/ul><p>Auf der Grundlage des Fonds Sirin Labs wurde ein Smartphone Solarin entwickelt. Bei der Pr\u00e4sentation wurde das Ger\u00e4t als das sicherste Smartphone positioniert. F\u00fcr die Datenverschl\u00fcsselung wurden Geheimdiensttechnologien eingesetzt, das Ger\u00e4t richtet sich an Politiker und gro\u00dfe Gesch\u00e4ftsleute.<\/p><p>Die n\u00e4chste Entwicklung von Sirin Labs war ein Smartphone mit Blockchain-Technologie. In den ersten Tagen des ICO wurde der erforderliche Betrag aufgebracht, anschlie\u00dfend verdoppelte sich die H\u00f6he der Geb\u00fchren. Die Finney-Reihe wird ein Smartphone und einen PC, einen eigenen App-Store mit Token-Zahlungen und verkn\u00fcpfte Kryptow\u00e4hrungs-Wallets umfassen.<\/p>\t\t\t\t\t\t\t\t<\/div>\n\t\t\t\t<\/div>\n\t\t\t\t<div class=\"elementor-element elementor-element-421afa4 elementor-widget elementor-widget-heading\" data-id=\"421afa4\" data-element_type=\"widget\" data-e-type=\"widget\" data-widget_type=\"heading.default\">\n\t\t\t\t<div class=\"elementor-widget-container\">\n\t\t\t\t\t<h2 class=\"elementor-heading-title elementor-size-default\">Wohlt\u00e4tige Aktivit\u00e4ten<\/h2>\t\t\t\t<\/div>\n\t\t\t\t<\/div>\n\t\t\t\t<div class=\"elementor-element elementor-element-a7020e4 elementor-widget elementor-widget-text-editor\" data-id=\"a7020e4\" data-element_type=\"widget\" data-e-type=\"widget\" data-widget_type=\"text-editor.default\">\n\t\t\t\t<div class=\"elementor-widget-container\">\n\t\t\t\t\t\t\t\t\t<p>Die Familie Rakishev unterst\u00fctzt aktiv junge Unternehmer und hilft Waisenkindern und armen Menschen. Kenes und seine Frau haben die Sabi Charitable Foundation gegr\u00fcndet, die Kinder, Jugendliche und Behinderte unterst\u00fctzt.<\/p><p>Durch die Arbeit der Stiftung wurden Stipendien bereitgestellt und die Kosten f\u00fcr die Ausbildung begabter Studenten in Kasachstan \u00fcbernommen. Sozial- und Bildungseinrichtungen des Landes beteiligten sich an dem Bildungsprogramm, und dank des Projekts nahmen mehr als tausend Menschen an Kursen teil und erhielten praktische Fachkenntnisse.<\/p><p>Mehr als 300 Tausend Menschen erhielten dank des medizinischen Programms \"Sabi\" Unterst\u00fctzung und Hilfe bei der Behandlung. Die Stiftung unterst\u00fctzt Menschen mit Behinderungen. 62 Taxis f\u00fcr Menschen mit Behinderungen wurden bestellt und bezahlt, um ihre Mobilit\u00e4t zu gew\u00e4hrleisten.<\/p><p>Die Stiftung finanziert den Bau von Sportpl\u00e4tzen, Spielpl\u00e4tzen und Turnhallen. Die Familie Rakishev spendete Almaty eine neue Schule mit 1200 Pl\u00e4tzen und moderner Ausstattung.<\/p><p>Im Jahr 2016 nahm das soziale Anpassungszentrum \"Meirim\" seine Arbeit auf. Es bietet Absolventen von Waisenh\u00e4usern unter 29 Jahren eine Unterkunft und hilft ihnen, eine praktische Ausbildung im Zentrum zu erhalten.<\/p>\t\t\t\t\t\t\t\t<\/div>\n\t\t\t\t<\/div>\n\t\t\t\t<div class=\"elementor-element elementor-element-15ae83f elementor-widget elementor-widget-image\" data-id=\"15ae83f\" data-element_type=\"widget\" data-e-type=\"widget\" data-widget_type=\"image.default\">\n\t\t\t\t<div class=\"elementor-widget-container\">\n\t\t\t\t\t\t\t\t\t\t\t\t\t\t\t<img decoding=\"async\" width=\"1020\" height=\"678\" src=\"https:\/\/kenes-rakishev.net\/wp-content\/uploads\/2023\/11\/\u0440\u0430\u043a\u0438\u0448\u0435\u0432300318-1.png\" class=\"attachment-2048x2048 size-2048x2048 wp-image-1868\" alt=\"\" srcset=\"https:\/\/kenes-rakishev.net\/wp-content\/uploads\/2023\/11\/\u0440\u0430\u043a\u0438\u0448\u0435\u0432300318-1.png 1020w, https:\/\/kenes-rakishev.net\/wp-content\/uploads\/2023\/11\/\u0440\u0430\u043a\u0438\u0448\u0435\u0432300318-1-300x199.png 300w, https:\/\/kenes-rakishev.net\/wp-content\/uploads\/2023\/11\/\u0440\u0430\u043a\u0438\u0448\u0435\u0432300318-1-768x510.png 768w, https:\/\/kenes-rakishev.net\/wp-content\/uploads\/2023\/11\/\u0440\u0430\u043a\u0438\u0448\u0435\u0432300318-1-18x12.png 18w\" sizes=\"(max-width: 1020px) 100vw, 1020px\" \/>\t\t\t\t\t\t\t\t\t\t\t\t\t\t\t<\/div>\n\t\t\t\t<\/div>\n\t\t\t\t<div class=\"elementor-element elementor-element-c5e7e20 elementor-widget elementor-widget-heading\" data-id=\"c5e7e20\" data-element_type=\"widget\" data-e-type=\"widget\" data-widget_type=\"heading.default\">\n\t\t\t\t<div class=\"elementor-widget-container\">\n\t\t\t\t\t<h2 class=\"elementor-heading-title elementor-size-default\">Unterst\u00fctzung f\u00fcr Existenzgr\u00fcnder und Jungunternehmer<\/h2>\t\t\t\t<\/div>\n\t\t\t\t<\/div>\n\t\t\t\t<div class=\"elementor-element elementor-element-312021d elementor-widget elementor-widget-text-editor\" data-id=\"312021d\" data-element_type=\"widget\" data-e-type=\"widget\" data-widget_type=\"text-editor.default\">\n\t\t\t\t<div class=\"elementor-widget-container\">\n\t\t\t\t\t\t\t\t\t<p>Das Programm \"Build Your Business\" wird von der Sabi Foundation mit finanzieller Unterst\u00fctzung von Kenes Rakishev und Vyacheslav Kim organisiert. Hier k\u00f6nnen junge Unternehmer einen Zuschuss f\u00fcr die Realisierung ihrer eigenen Gesch\u00e4ftsidee erhalten. In den vergangenen f\u00fcnf Jahren wurden im Rahmen des Programms mehr als $1 Million vergeben.<\/p><p>Im Jahr 2017 wurden 393 Bewerbungen eingereicht, aus denen 26 Finalisten ausgew\u00e4hlt wurden. Im ersten Quartal 2018 wurden die Namen der 10 Gewinner bekannt gegeben. Zu den Projekten geh\u00f6ren ein Caf\u00e9, eine Elektronikproduktion, eine Druckerei, ein elektrisches Rollstuhlfahrzeug und andere.<\/p><p>Rakishev und Kim verlieren den Kontakt zu den Preistr\u00e4gern des Fonds nicht. Beim Almaty Pop Up Store 2017 waren alle bisherigen Teilnehmer des Projekts versammelt, um ihre Produkte zu pr\u00e4sentieren und \u00fcber ihre Erfolge zu sprechen.<\/p><p>Kenes Rakishevs Name wird in Kasachstan und dar\u00fcber hinaus respektiert - dem Gesch\u00e4ftsmann ist es gelungen, zahlreiche Projekte in den Bereichen Finanzen, \u00d6l und Gas sowie IT zu realisieren. Gleichzeitig tragen der Unternehmer und seine Familie zur Entwicklung eines gesunden sozialen Umfelds im Land bei.<\/p>\t\t\t\t\t\t\t\t<\/div>\n\t\t\t\t<\/div>\n\t\t\t\t\t<\/div>\n\t\t\t\t<\/div>\n\t\t\t\t<\/div>","protected":false},"excerpt":{"rendered":"<p>Let&#8217;s analyze Kenes Rakishev&#8217;s activities in detail. Kenes Rakishev is a major figure in the political and economic arena of Kazakhstan. The venture investor has realized many major projects and attracted significant capital into business. In addition, Rakishev is actively engaged in charitable activities and support of young entrepreneurs. Family relationships and personal life Kenes [&hellip;]<\/p>","protected":false},"author":1,"featured_media":0,"parent":0,"menu_order":0,"comment_status":"closed","ping_status":"closed","template":"","meta":{"footnotes":""},"class_list":["post-1864","page","type-page","status-publish","hentry"],"acf":[],"_links":{"self":[{"href":"https:\/\/kenes-rakishev.net\/de_ch\/wp-json\/wp\/v2\/pages\/1864","targetHints":{"allow":["GET"]}}],"collection":[{"href":"https:\/\/kenes-rakishev.net\/de_ch\/wp-json\/wp\/v2\/pages"}],"about":[{"href":"https:\/\/kenes-rakishev.net\/de_ch\/wp-json\/wp\/v2\/types\/page"}],"author":[{"embeddable":true,"href":"https:\/\/kenes-rakishev.net\/de_ch\/wp-json\/wp\/v2\/users\/1"}],"replies":[{"embeddable":true,"href":"https:\/\/kenes-rakishev.net\/de_ch\/wp-json\/wp\/v2\/comments?post=1864"}],"version-history":[{"count":4,"href":"https:\/\/kenes-rakishev.net\/de_ch\/wp-json\/wp\/v2\/pages\/1864\/revisions"}],"predecessor-version":[{"id":1871,"href":"https:\/\/kenes-rakishev.net\/de_ch\/wp-json\/wp\/v2\/pages\/1864\/revisions\/1871"}],"wp:attachment":[{"href":"https:\/\/kenes-rakishev.net\/de_ch\/wp-json\/wp\/v2\/media?parent=1864"}],"curies":[{"name":"wp","href":"https:\/\/api.w.org\/{rel}","templated":true}]}}