{"id":1864,"date":"2022-08-23T07:02:00","date_gmt":"2022-08-23T07:02:00","guid":{"rendered":"https:\/\/kenes-rakishev.net\/?page_id=1864"},"modified":"2023-11-13T07:29:46","modified_gmt":"2023-11-13T07:29:46","slug":"who-is-kenes-rakishev","status":"publish","type":"page","link":"https:\/\/kenes-rakishev.net\/es\/who-is-kenes-rakishev\/","title":{"rendered":"\u00bfQui\u00e9n es Kenes Rakishev?"},"content":{"rendered":"<div data-elementor-type=\"wp-page\" data-elementor-id=\"1864\" class=\"elementor elementor-1864\" data-elementor-post-type=\"page\">\n\t\t\t\t<div class=\"elementor-element elementor-element-bf74eb6 e-flex e-con-boxed e-con e-parent\" data-id=\"bf74eb6\" data-element_type=\"container\" data-e-type=\"container\">\n\t\t\t\t\t<div class=\"e-con-inner\">\n\t\t\t\t<div class=\"elementor-element elementor-element-2904d5d elementor-widget elementor-widget-heading\" data-id=\"2904d5d\" data-element_type=\"widget\" data-e-type=\"widget\" data-widget_type=\"heading.default\">\n\t\t\t\t<div class=\"elementor-widget-container\">\n\t\t\t\t\t<h2 class=\"elementor-heading-title elementor-size-default\">Analicemos en detalle las actividades de Kenes Rakishev.<\/h2>\t\t\t\t<\/div>\n\t\t\t\t<\/div>\n\t\t\t\t<div class=\"elementor-element elementor-element-23b3faa elementor-widget elementor-widget-image\" data-id=\"23b3faa\" data-element_type=\"widget\" data-e-type=\"widget\" data-widget_type=\"image.default\">\n\t\t\t\t<div class=\"elementor-widget-container\">\n\t\t\t\t\t\t\t\t\t\t\t\t\t\t\t<img fetchpriority=\"high\" decoding=\"async\" width=\"1600\" height=\"1066\" src=\"https:\/\/kenes-rakishev.net\/wp-content\/uploads\/2023\/11\/kenesrakishev.jpg\" class=\"attachment-full size-full wp-image-1866\" alt=\"kenes rakishev\" srcset=\"https:\/\/kenes-rakishev.net\/wp-content\/uploads\/2023\/11\/kenesrakishev.jpg 1600w, https:\/\/kenes-rakishev.net\/wp-content\/uploads\/2023\/11\/kenesrakishev-300x200.jpg 300w, https:\/\/kenes-rakishev.net\/wp-content\/uploads\/2023\/11\/kenesrakishev-1024x682.jpg 1024w, https:\/\/kenes-rakishev.net\/wp-content\/uploads\/2023\/11\/kenesrakishev-768x512.jpg 768w, https:\/\/kenes-rakishev.net\/wp-content\/uploads\/2023\/11\/kenesrakishev-1536x1023.jpg 1536w, https:\/\/kenes-rakishev.net\/wp-content\/uploads\/2023\/11\/kenesrakishev-18x12.jpg 18w\" sizes=\"(max-width: 1600px) 100vw, 1600px\" \/>\t\t\t\t\t\t\t\t\t\t\t\t\t\t\t<\/div>\n\t\t\t\t<\/div>\n\t\t\t\t<div class=\"elementor-element elementor-element-1f603e4 elementor-widget elementor-widget-text-editor\" data-id=\"1f603e4\" data-element_type=\"widget\" data-e-type=\"widget\" data-widget_type=\"text-editor.default\">\n\t\t\t\t<div class=\"elementor-widget-container\">\n\t\t\t\t\t\t\t\t\t<p>Kenes Rakishev es una figura importante en el \u00e1mbito pol\u00edtico y econ\u00f3mico de Kazajst\u00e1n. El inversor de riesgo ha realizado muchos proyectos importantes y atra\u00eddo un capital significativo a las empresas. Adem\u00e1s, Rakishev participa activamente en actividades ben\u00e9ficas y de apoyo a j\u00f3venes empresarios.<\/p>\t\t\t\t\t\t\t\t<\/div>\n\t\t\t\t<\/div>\n\t\t\t\t<div class=\"elementor-element elementor-element-3838103 elementor-widget elementor-widget-heading\" data-id=\"3838103\" data-element_type=\"widget\" data-e-type=\"widget\" data-widget_type=\"heading.default\">\n\t\t\t\t<div class=\"elementor-widget-container\">\n\t\t\t\t\t<h2 class=\"elementor-heading-title elementor-size-default\">Relaciones familiares y vida personal<\/h2>\t\t\t\t<\/div>\n\t\t\t\t<\/div>\n\t\t\t\t<div class=\"elementor-element elementor-element-50014ab elementor-widget elementor-widget-text-editor\" data-id=\"50014ab\" data-element_type=\"widget\" data-e-type=\"widget\" data-widget_type=\"text-editor.default\">\n\t\t\t\t<div class=\"elementor-widget-container\">\n\t\t\t\t\t\t\t\t\t<p>Kenes Rakishev naci\u00f3 en la familia de Hamit Koshanovich Rakishev, que en aquella \u00e9poca dirig\u00eda la C\u00e1mara de Comercio e Industria de Kazajst\u00e1n. Sus padres intentaron dar a su hijo una educaci\u00f3n excelente; el ejemplo de su padre y de sus amigos inspir\u00f3 a Kenes a estudiar con ah\u00ednco. Rakishev curs\u00f3 dos estudios superiores en su tierra natal: en la Academia Estatal de Derecho y en la Universidad de Econom\u00eda T. Ryskulov. Cinco a\u00f1os despu\u00e9s de crear su propia empresa, Kenes Rakishev obtuvo un diploma de la Oxford Said Business-School en Gesti\u00f3n Avanzada y un certificado de la London Business School en Desarrollo de Estrategias para la Creaci\u00f3n de Valor.<\/p><p>A los veinte a\u00f1os, Kenes Rakishev se cas\u00f3 con la hija de uno de los socios de su padre, Asel Tasmagambetova. El suegro del empresario es Imangali Nurgalievich Tasmagambetov, una importante figura pol\u00edtica. Ocup\u00f3 el cargo de jefe de la Administraci\u00f3n Presidencial, fue Akim de Almaty y Astana, as\u00ed como Ministro de Defensa de la Rep\u00fablica de Kazajst\u00e1n.<\/p>\t\t\t\t\t\t\t\t<\/div>\n\t\t\t\t<\/div>\n\t\t\t\t<div class=\"elementor-element elementor-element-b2bbb7f elementor-widget elementor-widget-image\" data-id=\"b2bbb7f\" data-element_type=\"widget\" data-e-type=\"widget\" data-widget_type=\"image.default\">\n\t\t\t\t<div class=\"elementor-widget-container\">\n\t\t\t\t\t\t\t\t\t\t\t\t\t\t\t<img decoding=\"async\" width=\"1000\" height=\"667\" src=\"https:\/\/kenes-rakishev.net\/wp-content\/uploads\/2023\/11\/\u0440\u0430\u043a\u0438\u0448\u0435\u0432300318-1.jpg\" class=\"attachment-full size-full wp-image-1867\" alt=\"Kenes Rakishev con su esposa Aselle Tasmagambetova\" srcset=\"https:\/\/kenes-rakishev.net\/wp-content\/uploads\/2023\/11\/\u0440\u0430\u043a\u0438\u0448\u0435\u0432300318-1.jpg 1000w, https:\/\/kenes-rakishev.net\/wp-content\/uploads\/2023\/11\/\u0440\u0430\u043a\u0438\u0448\u0435\u0432300318-1-300x200.jpg 300w, https:\/\/kenes-rakishev.net\/wp-content\/uploads\/2023\/11\/\u0440\u0430\u043a\u0438\u0448\u0435\u0432300318-1-768x512.jpg 768w, https:\/\/kenes-rakishev.net\/wp-content\/uploads\/2023\/11\/\u0440\u0430\u043a\u0438\u0448\u0435\u0432300318-1-18x12.jpg 18w\" sizes=\"(max-width: 1000px) 100vw, 1000px\" \/>\t\t\t\t\t\t\t\t\t\t\t\t\t\t\t<\/div>\n\t\t\t\t<\/div>\n\t\t\t\t<div class=\"elementor-element elementor-element-fced238 elementor-widget elementor-widget-text-editor\" data-id=\"fced238\" data-element_type=\"widget\" data-e-type=\"widget\" data-widget_type=\"text-editor.default\">\n\t\t\t\t<div class=\"elementor-widget-container\">\n\t\t\t\t\t\t\t\t\t<p>Asel Tasmagambetova es propietaria de la marca de cosm\u00e9ticos Telli, que produce cosm\u00e9ticos y perfumes ecol\u00f3gicos. Tambi\u00e9n es directora del Instituto de Estudios Medioambientales de Asia Central. Sin embargo, a pesar de su activa labor p\u00fablica y social, a Asel no le gusta llamar la atenci\u00f3n, rara vez concede entrevistas y no aparece en televisi\u00f3n.<\/p><p>Kenes y Asel tienen dos hijos y dos hijas: Dinmuhamed y Nuriddin, Sirin e Iman.<\/p>\t\t\t\t\t\t\t\t<\/div>\n\t\t\t\t<\/div>\n\t\t\t\t<div class=\"elementor-element elementor-element-0ba1f02 elementor-widget elementor-widget-heading\" data-id=\"0ba1f02\" data-element_type=\"widget\" data-e-type=\"widget\" data-widget_type=\"heading.default\">\n\t\t\t\t<div class=\"elementor-widget-container\">\n\t\t\t\t\t<h2 class=\"elementor-heading-title elementor-size-default\">Desarrollo empresarial y profesional<\/h2>\t\t\t\t<\/div>\n\t\t\t\t<\/div>\n\t\t\t\t<div class=\"elementor-element elementor-element-8ccac2d elementor-widget elementor-widget-text-editor\" data-id=\"8ccac2d\" data-element_type=\"widget\" data-e-type=\"widget\" data-widget_type=\"text-editor.default\">\n\t\t\t\t<div class=\"elementor-widget-container\">\n\t\t\t\t\t\t\t\t\t<p>El comienzo de la carrera de Kenes Rakishev est\u00e1 relacionado con el sector del petr\u00f3leo y el gas. En 2000, fue nombrado Jefe del Departamento de Marketing de Intergas Central Asia. M\u00e1s tarde fue vicepresidente de KazTransGas JSC y de la Uni\u00f3n de la C\u00e1mara de Comercio e Industria de la Rep\u00fablica de Kazajst\u00e1n.<\/p><p>En 2006, el joven empresario ocupa el cargo de Presidente del Consejo de Administraci\u00f3n del holding industrial SAT &amp; Co. En 2012, adquiere una participaci\u00f3n de control en la empresa.<\/p><p>En 2014, \"Kazkommertsbank\", bajo la direcci\u00f3n de Kenes Rakishev, compra las acciones del \"BTA Bank\" ruso.<\/p><p>En 2018, Ladji, propiedad del banco BTA, anunci\u00f3 la reanudaci\u00f3n de la construcci\u00f3n en tres emplazamientos congelados en Mosc\u00fa. Kenes Rakishev dijo que est\u00e1n buscando inversores para construir un complejo comercial e industrial multifuncional en la plaza Paveletskaya. En la calle Poklonnaya se construir\u00e1 un centro de negocios con un hotel de cinco estrellas y apartamentos. En la calle Fonchenko Brothers se construir\u00e1 un complejo residencial de primera clase y un centro comercial. La finalizaci\u00f3n de los proyectos est\u00e1 prevista para 2022.<\/p>\t\t\t\t\t\t\t\t<\/div>\n\t\t\t\t<\/div>\n\t\t\t\t<div class=\"elementor-element elementor-element-3a67d1c elementor-widget elementor-widget-heading\" data-id=\"3a67d1c\" data-element_type=\"widget\" data-e-type=\"widget\" data-widget_type=\"heading.default\">\n\t\t\t\t<div class=\"elementor-widget-container\">\n\t\t\t\t\t<h2 class=\"elementor-heading-title elementor-size-default\">Actividades de inversi\u00f3n<\/h2>\t\t\t\t<\/div>\n\t\t\t\t<\/div>\n\t\t\t\t<div class=\"elementor-element elementor-element-2a96599 elementor-widget elementor-widget-text-editor\" data-id=\"2a96599\" data-element_type=\"widget\" data-e-type=\"widget\" data-widget_type=\"text-editor.default\">\n\t\t\t\t<div class=\"elementor-widget-container\">\n\t\t\t\t\t\t\t\t\t<p>Con el desarrollo de sus actividades de inversi\u00f3n, Kenes Rakishev dirige su atenci\u00f3n a los seguros, los fondos de riesgo y la tecnolog\u00eda de la informaci\u00f3n. Desde 2012, es miembro del consejo de administraci\u00f3n del fondo de riesgo Fastlane Ventures.<\/p><p>El propio fondo de riesgo de Rakishev, creado con el apoyo del ex primer ministro israel\u00ed, empez\u00f3 a funcionar en 2013. El fondo Singulariteam hace hincapi\u00e9 en la b\u00fasqueda y el desarrollo de nuevas tecnolog\u00edas en el campo de la rob\u00f3tica y la inform\u00e1tica.<\/p><p>Las principales inversiones del fondo son:<\/p><ul><li>Empresa Net Element - servicio de transacciones electr\u00f3nicas;<\/li><li>Servicio Qcard.ru - pagos electr\u00f3nicos;<\/li><li>Cadena de tiendas Magnum Cash &amp; Carry.<\/li><\/ul><p>Sobre la base del fondo Sirin Labs se desarroll\u00f3 un smartphone Solarin. En la presentaci\u00f3n, el dispositivo se posicion\u00f3 como el smartphone m\u00e1s seguro. Se utilizaron tecnolog\u00edas de servicios de inteligencia para el cifrado de datos, el dispositivo est\u00e1 dirigido a pol\u00edticos y grandes empresarios.<\/p><p>El siguiente desarrollo de Sirin Labs fue un smartphone con tecnolog\u00eda blockchain. Durante los primeros d\u00edas de la ICO se recaud\u00f3 la cantidad necesaria, y posteriormente se duplic\u00f3 el importe de las cuotas. La l\u00ednea Finney incluir\u00e1 un smartphone y un PC, su propia tienda de aplicaciones con pagos de tokens y monederos de criptodivisas vinculados.<\/p>\t\t\t\t\t\t\t\t<\/div>\n\t\t\t\t<\/div>\n\t\t\t\t<div class=\"elementor-element elementor-element-421afa4 elementor-widget elementor-widget-heading\" data-id=\"421afa4\" data-element_type=\"widget\" data-e-type=\"widget\" data-widget_type=\"heading.default\">\n\t\t\t\t<div class=\"elementor-widget-container\">\n\t\t\t\t\t<h2 class=\"elementor-heading-title elementor-size-default\">Actividades ben\u00e9ficas<\/h2>\t\t\t\t<\/div>\n\t\t\t\t<\/div>\n\t\t\t\t<div class=\"elementor-element elementor-element-a7020e4 elementor-widget elementor-widget-text-editor\" data-id=\"a7020e4\" data-element_type=\"widget\" data-e-type=\"widget\" data-widget_type=\"text-editor.default\">\n\t\t\t\t<div class=\"elementor-widget-container\">\n\t\t\t\t\t\t\t\t\t<p>La familia Rakishev apoya activamente a j\u00f3venes empresarios y ayuda a hu\u00e9rfanos y pobres. Kenes y su esposa crearon la Fundaci\u00f3n Ben\u00e9fica Sabi, que apoya a ni\u00f1os, j\u00f3venes y discapacitados.<\/p><p>La labor de la fundaci\u00f3n proporcion\u00f3 becas y cubri\u00f3 el coste de la formaci\u00f3n de estudiantes con talento de Kazajst\u00e1n. Instituciones sociales y educativas del pa\u00eds participaron en el programa educativo; gracias al proyecto, m\u00e1s de mil personas siguieron cursos y recibieron especialidades pr\u00e1cticas.<\/p><p>M\u00e1s de 300 mil personas recibieron apoyo y asistencia en tratamientos gracias al programa m\u00e9dico \"Sabi\". La Fundaci\u00f3n apoya a las personas con discapacidad, se encargaron y pagaron 62 coches taxi para personas con discapacidad para garantizar su movilidad.<\/p><p>La Fundaci\u00f3n financia la construcci\u00f3n de campos de deportes, parques infantiles y gimnasios. La familia Rakishev don\u00f3 a Almaty una nueva escuela de 1.200 plazas con equipamiento moderno.<\/p><p>En 2016 comenz\u00f3 a funcionar el centro de adaptaci\u00f3n social \"Meirim\". Ofrece alojamiento a graduados de orfanatos menores de 29 a\u00f1os y les ayuda a recibir formaci\u00f3n pr\u00e1ctica en el centro.<\/p>\t\t\t\t\t\t\t\t<\/div>\n\t\t\t\t<\/div>\n\t\t\t\t<div class=\"elementor-element elementor-element-15ae83f elementor-widget elementor-widget-image\" data-id=\"15ae83f\" data-element_type=\"widget\" data-e-type=\"widget\" data-widget_type=\"image.default\">\n\t\t\t\t<div class=\"elementor-widget-container\">\n\t\t\t\t\t\t\t\t\t\t\t\t\t\t\t<img decoding=\"async\" width=\"1020\" height=\"678\" src=\"https:\/\/kenes-rakishev.net\/wp-content\/uploads\/2023\/11\/\u0440\u0430\u043a\u0438\u0448\u0435\u0432300318-1.png\" class=\"attachment-2048x2048 size-2048x2048 wp-image-1868\" alt=\"\" srcset=\"https:\/\/kenes-rakishev.net\/wp-content\/uploads\/2023\/11\/\u0440\u0430\u043a\u0438\u0448\u0435\u0432300318-1.png 1020w, https:\/\/kenes-rakishev.net\/wp-content\/uploads\/2023\/11\/\u0440\u0430\u043a\u0438\u0448\u0435\u0432300318-1-300x199.png 300w, https:\/\/kenes-rakishev.net\/wp-content\/uploads\/2023\/11\/\u0440\u0430\u043a\u0438\u0448\u0435\u0432300318-1-768x510.png 768w, https:\/\/kenes-rakishev.net\/wp-content\/uploads\/2023\/11\/\u0440\u0430\u043a\u0438\u0448\u0435\u0432300318-1-18x12.png 18w\" sizes=\"(max-width: 1020px) 100vw, 1020px\" \/>\t\t\t\t\t\t\t\t\t\t\t\t\t\t\t<\/div>\n\t\t\t\t<\/div>\n\t\t\t\t<div class=\"elementor-element elementor-element-c5e7e20 elementor-widget elementor-widget-heading\" data-id=\"c5e7e20\" data-element_type=\"widget\" data-e-type=\"widget\" data-widget_type=\"heading.default\">\n\t\t\t\t<div class=\"elementor-widget-container\">\n\t\t\t\t\t<h2 class=\"elementor-heading-title elementor-size-default\">Apoyo a las nuevas empresas y a los j\u00f3venes empresarios<\/h2>\t\t\t\t<\/div>\n\t\t\t\t<\/div>\n\t\t\t\t<div class=\"elementor-element elementor-element-312021d elementor-widget elementor-widget-text-editor\" data-id=\"312021d\" data-element_type=\"widget\" data-e-type=\"widget\" data-widget_type=\"text-editor.default\">\n\t\t\t\t<div class=\"elementor-widget-container\">\n\t\t\t\t\t\t\t\t\t<p>El programa \"Construye tu empresa\" est\u00e1 organizado por la Fundaci\u00f3n Sabi con financiaci\u00f3n de Kenes Rakishev y Vyacheslav Kim. En \u00e9l, los j\u00f3venes empresarios pueden recibir una subvenci\u00f3n para la realizaci\u00f3n de su propia idea de negocio. En los \u00faltimos cinco a\u00f1os del programa se han entregado m\u00e1s de $1 millones.<\/p><p>En 2017, se presentaron 393 candidaturas y se seleccionaron 26 finalistas. En el primer trimestre de 2018 se anunciaron los nombres de los 10 ganadores. Entre los proyectos se encuentran una cafeter\u00eda, un centro de producci\u00f3n electr\u00f3nica, una imprenta y un veh\u00edculo el\u00e9ctrico para silla de ruedas, entre otros.<\/p><p>Rakishev y Kim no pierden el contacto con los ganadores de premios del fondo. En la Almaty Pop Up Store de 2017, se reunieron todos los participantes anteriores del proyecto para presentar sus productos y hablar de sus logros.<\/p><p>El nombre de Kenes Rakishev es respetado en Kazajst\u00e1n y fuera de sus fronteras: el empresario ha conseguido realizar numerosos proyectos en los \u00e1mbitos financiero, del petr\u00f3leo y el gas y de las tecnolog\u00edas de la informaci\u00f3n. Al mismo tiempo, el empresario y su familia contribuyen al desarrollo de un entorno social sano en el pa\u00eds.<\/p>\t\t\t\t\t\t\t\t<\/div>\n\t\t\t\t<\/div>\n\t\t\t\t\t<\/div>\n\t\t\t\t<\/div>\n\t\t\t\t<\/div>","protected":false},"excerpt":{"rendered":"<p>Let&#8217;s analyze Kenes Rakishev&#8217;s activities in detail. Kenes Rakishev is a major figure in the political and economic arena of Kazakhstan. The venture investor has realized many major projects and attracted significant capital into business. In addition, Rakishev is actively engaged in charitable activities and support of young entrepreneurs. Family relationships and personal life Kenes [&hellip;]<\/p>","protected":false},"author":1,"featured_media":0,"parent":0,"menu_order":0,"comment_status":"closed","ping_status":"closed","template":"","meta":{"footnotes":""},"class_list":["post-1864","page","type-page","status-publish","hentry"],"acf":[],"_links":{"self":[{"href":"https:\/\/kenes-rakishev.net\/es\/wp-json\/wp\/v2\/pages\/1864","targetHints":{"allow":["GET"]}}],"collection":[{"href":"https:\/\/kenes-rakishev.net\/es\/wp-json\/wp\/v2\/pages"}],"about":[{"href":"https:\/\/kenes-rakishev.net\/es\/wp-json\/wp\/v2\/types\/page"}],"author":[{"embeddable":true,"href":"https:\/\/kenes-rakishev.net\/es\/wp-json\/wp\/v2\/users\/1"}],"replies":[{"embeddable":true,"href":"https:\/\/kenes-rakishev.net\/es\/wp-json\/wp\/v2\/comments?post=1864"}],"version-history":[{"count":4,"href":"https:\/\/kenes-rakishev.net\/es\/wp-json\/wp\/v2\/pages\/1864\/revisions"}],"predecessor-version":[{"id":1871,"href":"https:\/\/kenes-rakishev.net\/es\/wp-json\/wp\/v2\/pages\/1864\/revisions\/1871"}],"wp:attachment":[{"href":"https:\/\/kenes-rakishev.net\/es\/wp-json\/wp\/v2\/media?parent=1864"}],"curies":[{"name":"wp","href":"https:\/\/api.w.org\/{rel}","templated":true}]}}