{"id":1864,"date":"2022-08-23T07:02:00","date_gmt":"2022-08-23T07:02:00","guid":{"rendered":"https:\/\/kenes-rakishev.net\/?page_id=1864"},"modified":"2023-11-13T07:29:46","modified_gmt":"2023-11-13T07:29:46","slug":"who-is-kenes-rakishev","status":"publish","type":"page","link":"https:\/\/kenes-rakishev.net\/et\/who-is-kenes-rakishev\/","title":{"rendered":"Kes on Kenes Rakishev?"},"content":{"rendered":"<div data-elementor-type=\"wp-page\" data-elementor-id=\"1864\" class=\"elementor elementor-1864\" data-elementor-post-type=\"page\">\n\t\t\t\t<div class=\"elementor-element elementor-element-bf74eb6 e-flex e-con-boxed e-con e-parent\" data-id=\"bf74eb6\" data-element_type=\"container\" data-e-type=\"container\">\n\t\t\t\t\t<div class=\"e-con-inner\">\n\t\t\t\t<div class=\"elementor-element elementor-element-2904d5d elementor-widget elementor-widget-heading\" data-id=\"2904d5d\" data-element_type=\"widget\" data-e-type=\"widget\" data-widget_type=\"heading.default\">\n\t\t\t\t<div class=\"elementor-widget-container\">\n\t\t\t\t\t<h2 class=\"elementor-heading-title elementor-size-default\">Anal\u00fc\u00fcsime Kenes Rakishevi tegevust \u00fcksikasjalikult.<\/h2>\t\t\t\t<\/div>\n\t\t\t\t<\/div>\n\t\t\t\t<div class=\"elementor-element elementor-element-23b3faa elementor-widget elementor-widget-image\" data-id=\"23b3faa\" data-element_type=\"widget\" data-e-type=\"widget\" data-widget_type=\"image.default\">\n\t\t\t\t<div class=\"elementor-widget-container\">\n\t\t\t\t\t\t\t\t\t\t\t\t\t\t\t<img fetchpriority=\"high\" decoding=\"async\" width=\"1600\" height=\"1066\" src=\"https:\/\/kenes-rakishev.net\/wp-content\/uploads\/2023\/11\/kenesrakishev.jpg\" class=\"attachment-full size-full wp-image-1866\" alt=\"kenes raki\u0161ev\" srcset=\"https:\/\/kenes-rakishev.net\/wp-content\/uploads\/2023\/11\/kenesrakishev.jpg 1600w, https:\/\/kenes-rakishev.net\/wp-content\/uploads\/2023\/11\/kenesrakishev-300x200.jpg 300w, https:\/\/kenes-rakishev.net\/wp-content\/uploads\/2023\/11\/kenesrakishev-1024x682.jpg 1024w, https:\/\/kenes-rakishev.net\/wp-content\/uploads\/2023\/11\/kenesrakishev-768x512.jpg 768w, https:\/\/kenes-rakishev.net\/wp-content\/uploads\/2023\/11\/kenesrakishev-1536x1023.jpg 1536w, https:\/\/kenes-rakishev.net\/wp-content\/uploads\/2023\/11\/kenesrakishev-18x12.jpg 18w\" sizes=\"(max-width: 1600px) 100vw, 1600px\" \/>\t\t\t\t\t\t\t\t\t\t\t\t\t\t\t<\/div>\n\t\t\t\t<\/div>\n\t\t\t\t<div class=\"elementor-element elementor-element-1f603e4 elementor-widget elementor-widget-text-editor\" data-id=\"1f603e4\" data-element_type=\"widget\" data-e-type=\"widget\" data-widget_type=\"text-editor.default\">\n\t\t\t\t<div class=\"elementor-widget-container\">\n\t\t\t\t\t\t\t\t\t<p>Kenes Raki\u0161ev on Kasahstani poliitilise ja majandusliku areeni suurkuju. Riskiinvestor on ellu viinud mitmeid suurprojekte ja meelitanud ettev\u00f5tlusse m\u00e4rkimisv\u00e4\u00e4rset kapitali. Lisaks tegeleb Rakishev aktiivselt heategevusega ja noorte ettev\u00f5tjate toetamisega.<\/p>\t\t\t\t\t\t\t\t<\/div>\n\t\t\t\t<\/div>\n\t\t\t\t<div class=\"elementor-element elementor-element-3838103 elementor-widget elementor-widget-heading\" data-id=\"3838103\" data-element_type=\"widget\" data-e-type=\"widget\" data-widget_type=\"heading.default\">\n\t\t\t\t<div class=\"elementor-widget-container\">\n\t\t\t\t\t<h2 class=\"elementor-heading-title elementor-size-default\">Peresuhted ja isiklik elu<\/h2>\t\t\t\t<\/div>\n\t\t\t\t<\/div>\n\t\t\t\t<div class=\"elementor-element elementor-element-50014ab elementor-widget elementor-widget-text-editor\" data-id=\"50014ab\" data-element_type=\"widget\" data-e-type=\"widget\" data-widget_type=\"text-editor.default\">\n\t\t\t\t<div class=\"elementor-widget-container\">\n\t\t\t\t\t\t\t\t\t<p>Kenes Rakishev s\u00fcndis Hamit Koshanovit\u0161 Rakishevi perekonnas, kes juhtis tollal Kasahstani kaubandus- ja t\u00f6\u00f6stuskoda. Tema vanemad p\u00fc\u00fcdsid anda oma pojale suurep\u00e4rase hariduse, isa ja tema s\u00f5prade eeskuju innustas Kenesi k\u00f5vasti \u00f5ppima. Raki\u0161ev sai kodumaal kaks k\u00f5rgharidust: riigi \u00f5igusakadeemias ja T. Ryskulovi majandus\u00fclikoolis. Viis aastat p\u00e4rast oma ettev\u00f5tte asutamist sai Kenes Rakishev Oxford Said Business-Schoolist diplomi edasij\u00f5udnud juhtimise alal ja London Business Schoolist tunnistuse v\u00e4\u00e4rtuse loomise strateegia arendamise alal.<\/p><p>Kenes Rakishev abiellus kahek\u00fcmneaastaselt oma isa \u00fche partneri t\u00fctre Asel Tasmagambetovaga. \u00c4rimehe \u00e4mm on Imangali Nurgaljevit\u0161 Tasmagambetov, kes on suur poliitikategelane. Ta oli presidendi administratsiooni juht, oli Almat\u00f5 ja Astana akim, samuti Kasahstani Vabariigi kaitseminister.<\/p>\t\t\t\t\t\t\t\t<\/div>\n\t\t\t\t<\/div>\n\t\t\t\t<div class=\"elementor-element elementor-element-b2bbb7f elementor-widget elementor-widget-image\" data-id=\"b2bbb7f\" data-element_type=\"widget\" data-e-type=\"widget\" data-widget_type=\"image.default\">\n\t\t\t\t<div class=\"elementor-widget-container\">\n\t\t\t\t\t\t\t\t\t\t\t\t\t\t\t<img decoding=\"async\" width=\"1000\" height=\"667\" src=\"https:\/\/kenes-rakishev.net\/wp-content\/uploads\/2023\/11\/\u0440\u0430\u043a\u0438\u0448\u0435\u0432300318-1.jpg\" class=\"attachment-full size-full wp-image-1867\" alt=\"Kenes Raki\u0161ev koos abikaasa Aselle Tasmagambetovaga\" srcset=\"https:\/\/kenes-rakishev.net\/wp-content\/uploads\/2023\/11\/\u0440\u0430\u043a\u0438\u0448\u0435\u0432300318-1.jpg 1000w, https:\/\/kenes-rakishev.net\/wp-content\/uploads\/2023\/11\/\u0440\u0430\u043a\u0438\u0448\u0435\u0432300318-1-300x200.jpg 300w, https:\/\/kenes-rakishev.net\/wp-content\/uploads\/2023\/11\/\u0440\u0430\u043a\u0438\u0448\u0435\u0432300318-1-768x512.jpg 768w, https:\/\/kenes-rakishev.net\/wp-content\/uploads\/2023\/11\/\u0440\u0430\u043a\u0438\u0448\u0435\u0432300318-1-18x12.jpg 18w\" sizes=\"(max-width: 1000px) 100vw, 1000px\" \/>\t\t\t\t\t\t\t\t\t\t\t\t\t\t\t<\/div>\n\t\t\t\t<\/div>\n\t\t\t\t<div class=\"elementor-element elementor-element-fced238 elementor-widget elementor-widget-text-editor\" data-id=\"fced238\" data-element_type=\"widget\" data-e-type=\"widget\" data-widget_type=\"text-editor.default\">\n\t\t\t\t<div class=\"elementor-widget-container\">\n\t\t\t\t\t\t\t\t\t<p>Asel Tasmagambetova omab kosmeetikabr\u00e4ndi Telli, mis toodab orgaanilist kosmeetikat ja parf\u00fcme. Ta on ka Kesk-Aasia Keskkonnauuringute Instituudi direktor. Vaatamata oma aktiivsele avalikule ja \u00fchiskondlikule t\u00f6\u00f6le ei meeldi Aselile siiski t\u00e4helepanu p\u00f6\u00f6rata, ta annab harva intervjuusid ja ei esine televisioonis.<\/p><p>Kenesil ja Aselil on kaks poega ja kaks t\u00fctart - Dinmuhamed ja Nuriddin, Sirin ja Iman.<\/p>\t\t\t\t\t\t\t\t<\/div>\n\t\t\t\t<\/div>\n\t\t\t\t<div class=\"elementor-element elementor-element-0ba1f02 elementor-widget elementor-widget-heading\" data-id=\"0ba1f02\" data-element_type=\"widget\" data-e-type=\"widget\" data-widget_type=\"heading.default\">\n\t\t\t\t<div class=\"elementor-widget-container\">\n\t\t\t\t\t<h2 class=\"elementor-heading-title elementor-size-default\">Ettev\u00f5tluse ja karj\u00e4\u00e4ri arendamine<\/h2>\t\t\t\t<\/div>\n\t\t\t\t<\/div>\n\t\t\t\t<div class=\"elementor-element elementor-element-8ccac2d elementor-widget elementor-widget-text-editor\" data-id=\"8ccac2d\" data-element_type=\"widget\" data-e-type=\"widget\" data-widget_type=\"text-editor.default\">\n\t\t\t\t<div class=\"elementor-widget-container\">\n\t\t\t\t\t\t\t\t\t<p>Kenes Rakishevi karj\u00e4\u00e4ri algus on seotud nafta- ja gaasisektoriga. Aastal 2000 m\u00e4\u00e4rati ta Intergas Central Asia turundusosakonna juhatajaks. Hiljem sai temast KazTransGas JSC ja Kasahstani Vabariigi Kaubandus- ja T\u00f6\u00f6stuskoja Liidu asepresident.<\/p><p>2006. aastal on noor \u00e4rimees t\u00f6\u00f6stusettev\u00f5tte SAT &amp; Co. juhatuse esimees. 2012. aastal omandab ta ettev\u00f5ttes kontrolliva osaluse.<\/p><p>2014. aastal ostab \"Kazkommertsbank\" Kenes Rakishevi juhtimisel v\u00e4lja Venemaa \"BTA Banki\" aktsiad.<\/p><p>2018. aastal teatas BTA pangale kuuluv Ladji, et j\u00e4tkab ehitust\u00f6\u00f6d kolmes Moskva k\u00fclmutatud objektis. Kenes Rakishev \u00fctles, et nad otsivad investoreid, et ehitada Paveletskaja platsile multifunktsionaalne kaubandus- ja t\u00f6\u00f6stuskompleks. Poklonnaja t\u00e4navale ehitatakse \u00e4rikeskus koos viiet\u00e4rnihotelli ja korteritega. Vennaskonna Fontshenko t\u00e4navale rajatakse k\u00f5rgema klassi elamukompleks ja kaubanduskeskus. Objektid on kavas valmis saada 2022. aastaks.<\/p>\t\t\t\t\t\t\t\t<\/div>\n\t\t\t\t<\/div>\n\t\t\t\t<div class=\"elementor-element elementor-element-3a67d1c elementor-widget elementor-widget-heading\" data-id=\"3a67d1c\" data-element_type=\"widget\" data-e-type=\"widget\" data-widget_type=\"heading.default\">\n\t\t\t\t<div class=\"elementor-widget-container\">\n\t\t\t\t\t<h2 class=\"elementor-heading-title elementor-size-default\">Investeerimistegevus<\/h2>\t\t\t\t<\/div>\n\t\t\t\t<\/div>\n\t\t\t\t<div class=\"elementor-element elementor-element-2a96599 elementor-widget elementor-widget-text-editor\" data-id=\"2a96599\" data-element_type=\"widget\" data-e-type=\"widget\" data-widget_type=\"text-editor.default\">\n\t\t\t\t<div class=\"elementor-widget-container\">\n\t\t\t\t\t\t\t\t\t<p>Oma investeerimistegevuse arendamisega p\u00f6\u00f6rdub Kenes Rakishev kindlustuse, riskifondide ja IT-tehnoloogia poole. Alates 2012. aastast on ta Fastlane Ventures riskifondi juhatuse liige.<\/p><p>Rakishevi enda riskifond, mis loodi Iisraeli endise peaministri toetusel, alustas tegevust 2013. aastal. Singulariteami fond r\u00f5hutab uute tehnoloogiate otsimist ja arendamist robootika ja IT valdkonnas.<\/p><p>Fondi peamised investeeringud on j\u00e4rgmised:<\/p><ul><li>Net Element ettev\u00f5te - elektrooniliste tehingute teenus;<\/li><li>Qcard.ru teenus - elektroonilised maksed;<\/li><li>Magnum Cash &amp; Carry jaem\u00fc\u00fcgikett.<\/li><\/ul><p>P\u00f5hinevalt fond Sirin Labs t\u00f6\u00f6tati v\u00e4lja nutitelefon Solarin. Esitlusel positsioneeriti seade k\u00f5ige turvalisemaks nutitelefoniks. Andmete kr\u00fcpteerimiseks kasutati luureteenuste tehnoloogiaid, seade on suunatud poliitikutele ja suurtele \u00e4rimeestele.<\/p><p>Sirin Labsi j\u00e4rgmine arendus oli plokiahela tehnoloogial p\u00f5hinev nutitelefon. ICO esimeste p\u00e4evade jooksul koguti vajalik summa, seej\u00e4rel kahekordistus tasude summa. Finney tootevalik h\u00f5lmab nutitelefoni ja arvutit, oma rakenduspoodi koos token-maksetega ja seotud kr\u00fcptoraha rahakotte.<\/p>\t\t\t\t\t\t\t\t<\/div>\n\t\t\t\t<\/div>\n\t\t\t\t<div class=\"elementor-element elementor-element-421afa4 elementor-widget elementor-widget-heading\" data-id=\"421afa4\" data-element_type=\"widget\" data-e-type=\"widget\" data-widget_type=\"heading.default\">\n\t\t\t\t<div class=\"elementor-widget-container\">\n\t\t\t\t\t<h2 class=\"elementor-heading-title elementor-size-default\">Heategevuslik tegevus<\/h2>\t\t\t\t<\/div>\n\t\t\t\t<\/div>\n\t\t\t\t<div class=\"elementor-element elementor-element-a7020e4 elementor-widget elementor-widget-text-editor\" data-id=\"a7020e4\" data-element_type=\"widget\" data-e-type=\"widget\" data-widget_type=\"text-editor.default\">\n\t\t\t\t<div class=\"elementor-widget-container\">\n\t\t\t\t\t\t\t\t\t<p>Perekond Rakishev toetab aktiivselt noori ettev\u00f5tjaid ning aitab orbusid ja vaeseid. Kenes ja tema abikaasa asutasid Sabi heategevusfondi, mis toetab lapsi, noori ja puuetega inimesi.<\/p><p>Sihtasutuse t\u00f6\u00f6 andis stipendiume ja kattis Kasahstani andekate \u00fcli\u00f5pilaste koolituskulud. Haridusprogrammis osalesid riigi sotsiaal- ja haridusasutused, t\u00e4nu projektile l\u00e4bis kursusi ja sai praktilisi erialasid rohkem kui tuhat inimest.<\/p><p>Rohkem kui 300 tuhat inimest said t\u00e4nu meditsiiniprogrammile \"Sabi\" toetust ja raviabi. Sihtasutus toetab puuetega inimesi, nende liikuvuse tagamiseks telliti ja tasuti 62 puuetega inimestele m\u00f5eldud kabiiniautot.<\/p><p>Fond rahastab spordiv\u00e4ljakute, m\u00e4nguv\u00e4ljakute ja spordisaalide ehitamist. Perekond Rakishev annetas Almat\u00f5le uue 1200-kohalise kooli koos kaasaegse varustusega.<\/p><p>2016. aastal alustas t\u00f6\u00f6d sotsiaalne kohanemiskeskus \"Meirim\". See pakub majutust alla 29-aastastele lastekodude l\u00f5petajatele ja aitab neil saada keskuses praktilist haridust.<\/p>\t\t\t\t\t\t\t\t<\/div>\n\t\t\t\t<\/div>\n\t\t\t\t<div class=\"elementor-element elementor-element-15ae83f elementor-widget elementor-widget-image\" data-id=\"15ae83f\" data-element_type=\"widget\" data-e-type=\"widget\" data-widget_type=\"image.default\">\n\t\t\t\t<div class=\"elementor-widget-container\">\n\t\t\t\t\t\t\t\t\t\t\t\t\t\t\t<img decoding=\"async\" width=\"1020\" height=\"678\" src=\"https:\/\/kenes-rakishev.net\/wp-content\/uploads\/2023\/11\/\u0440\u0430\u043a\u0438\u0448\u0435\u0432300318-1.png\" class=\"attachment-2048x2048 size-2048x2048 wp-image-1868\" alt=\"\" srcset=\"https:\/\/kenes-rakishev.net\/wp-content\/uploads\/2023\/11\/\u0440\u0430\u043a\u0438\u0448\u0435\u0432300318-1.png 1020w, https:\/\/kenes-rakishev.net\/wp-content\/uploads\/2023\/11\/\u0440\u0430\u043a\u0438\u0448\u0435\u0432300318-1-300x199.png 300w, https:\/\/kenes-rakishev.net\/wp-content\/uploads\/2023\/11\/\u0440\u0430\u043a\u0438\u0448\u0435\u0432300318-1-768x510.png 768w, https:\/\/kenes-rakishev.net\/wp-content\/uploads\/2023\/11\/\u0440\u0430\u043a\u0438\u0448\u0435\u0432300318-1-18x12.png 18w\" sizes=\"(max-width: 1020px) 100vw, 1020px\" \/>\t\t\t\t\t\t\t\t\t\t\t\t\t\t\t<\/div>\n\t\t\t\t<\/div>\n\t\t\t\t<div class=\"elementor-element elementor-element-c5e7e20 elementor-widget elementor-widget-heading\" data-id=\"c5e7e20\" data-element_type=\"widget\" data-e-type=\"widget\" data-widget_type=\"heading.default\">\n\t\t\t\t<div class=\"elementor-widget-container\">\n\t\t\t\t\t<h2 class=\"elementor-heading-title elementor-size-default\">Toetus alustavatele ettev\u00f5tetele ja noortele ettev\u00f5tjatele<\/h2>\t\t\t\t<\/div>\n\t\t\t\t<\/div>\n\t\t\t\t<div class=\"elementor-element elementor-element-312021d elementor-widget elementor-widget-text-editor\" data-id=\"312021d\" data-element_type=\"widget\" data-e-type=\"widget\" data-widget_type=\"text-editor.default\">\n\t\t\t\t<div class=\"elementor-widget-container\">\n\t\t\t\t\t\t\t\t\t<p>Programmi \"Ehita oma \u00e4ri\" korraldab Sabi Foundation, mida rahastavad Kenes Rakishev ja Vjat\u0161eslav Kim. Siin saavad noored ettev\u00f5tjad toetust oma \u00e4riidee elluviimiseks. Programmi viimase viie aasta jooksul on v\u00e4lja antud \u00fcle $1 miljoni.<\/p><p>2017. aastal esitati 393 taotlust ja 26 finalisti valiti v\u00e4lja. 2018. aasta esimeses kvartalis kuulutati v\u00e4lja 10 v\u00f5itja nimed. Projektide hulgas on kohvik, elektroonikatootmine, tr\u00fckikoda, elektriline ratastoolis\u00f5iduk jt.<\/p><p>Rakishev ja Kim ei kaota kontakti fondi auhinnasaajatega. 2017. aasta Almat\u00f5 Pop Up Store'ile kogunesid k\u00f5ik varasemad projektis osalejad, et tutvustada oma tooteid ja r\u00e4\u00e4kida oma saavutustest.<\/p><p>Kenes Rakishevi nime austatakse nii Kasahstanis kui ka mujal - \u00e4rimees on suutnud ellu viia mitmeid projekte finants-, nafta- ja gaasivaldkonnas ning IT-sektoris. Samal ajal aitavad ettev\u00f5tja ja tema perekond arendada riigis tervislikku sotsiaalset keskkonda.<\/p>\t\t\t\t\t\t\t\t<\/div>\n\t\t\t\t<\/div>\n\t\t\t\t\t<\/div>\n\t\t\t\t<\/div>\n\t\t\t\t<\/div>","protected":false},"excerpt":{"rendered":"<p>Let&#8217;s analyze Kenes Rakishev&#8217;s activities in detail. Kenes Rakishev is a major figure in the political and economic arena of Kazakhstan. The venture investor has realized many major projects and attracted significant capital into business. In addition, Rakishev is actively engaged in charitable activities and support of young entrepreneurs. Family relationships and personal life Kenes [&hellip;]<\/p>","protected":false},"author":1,"featured_media":0,"parent":0,"menu_order":0,"comment_status":"closed","ping_status":"closed","template":"","meta":{"footnotes":""},"class_list":["post-1864","page","type-page","status-publish","hentry"],"acf":[],"_links":{"self":[{"href":"https:\/\/kenes-rakishev.net\/et\/wp-json\/wp\/v2\/pages\/1864","targetHints":{"allow":["GET"]}}],"collection":[{"href":"https:\/\/kenes-rakishev.net\/et\/wp-json\/wp\/v2\/pages"}],"about":[{"href":"https:\/\/kenes-rakishev.net\/et\/wp-json\/wp\/v2\/types\/page"}],"author":[{"embeddable":true,"href":"https:\/\/kenes-rakishev.net\/et\/wp-json\/wp\/v2\/users\/1"}],"replies":[{"embeddable":true,"href":"https:\/\/kenes-rakishev.net\/et\/wp-json\/wp\/v2\/comments?post=1864"}],"version-history":[{"count":4,"href":"https:\/\/kenes-rakishev.net\/et\/wp-json\/wp\/v2\/pages\/1864\/revisions"}],"predecessor-version":[{"id":1871,"href":"https:\/\/kenes-rakishev.net\/et\/wp-json\/wp\/v2\/pages\/1864\/revisions\/1871"}],"wp:attachment":[{"href":"https:\/\/kenes-rakishev.net\/et\/wp-json\/wp\/v2\/media?parent=1864"}],"curies":[{"name":"wp","href":"https:\/\/api.w.org\/{rel}","templated":true}]}}