{"id":1864,"date":"2022-08-23T07:02:00","date_gmt":"2022-08-23T07:02:00","guid":{"rendered":"https:\/\/kenes-rakishev.net\/?page_id=1864"},"modified":"2023-11-13T07:29:46","modified_gmt":"2023-11-13T07:29:46","slug":"who-is-kenes-rakishev","status":"publish","type":"page","link":"https:\/\/kenes-rakishev.net\/fr\/who-is-kenes-rakishev\/","title":{"rendered":"Qui est Kenes Rakishev ?"},"content":{"rendered":"<div data-elementor-type=\"wp-page\" data-elementor-id=\"1864\" class=\"elementor elementor-1864\" data-elementor-post-type=\"page\">\n\t\t\t\t<div class=\"elementor-element elementor-element-bf74eb6 e-flex e-con-boxed e-con e-parent\" data-id=\"bf74eb6\" data-element_type=\"container\" data-e-type=\"container\">\n\t\t\t\t\t<div class=\"e-con-inner\">\n\t\t\t\t<div class=\"elementor-element elementor-element-2904d5d elementor-widget elementor-widget-heading\" data-id=\"2904d5d\" data-element_type=\"widget\" data-e-type=\"widget\" data-widget_type=\"heading.default\">\n\t\t\t\t<div class=\"elementor-widget-container\">\n\t\t\t\t\t<h2 class=\"elementor-heading-title elementor-size-default\">Analysons en d\u00e9tail les activit\u00e9s de Kenes Rakishev.<\/h2>\t\t\t\t<\/div>\n\t\t\t\t<\/div>\n\t\t\t\t<div class=\"elementor-element elementor-element-23b3faa elementor-widget elementor-widget-image\" data-id=\"23b3faa\" data-element_type=\"widget\" data-e-type=\"widget\" data-widget_type=\"image.default\">\n\t\t\t\t<div class=\"elementor-widget-container\">\n\t\t\t\t\t\t\t\t\t\t\t\t\t\t\t<img fetchpriority=\"high\" decoding=\"async\" width=\"1600\" height=\"1066\" src=\"https:\/\/kenes-rakishev.net\/wp-content\/uploads\/2023\/11\/kenesrakishev.jpg\" class=\"attachment-full size-full wp-image-1866\" alt=\"kenes rakishev\" srcset=\"https:\/\/kenes-rakishev.net\/wp-content\/uploads\/2023\/11\/kenesrakishev.jpg 1600w, https:\/\/kenes-rakishev.net\/wp-content\/uploads\/2023\/11\/kenesrakishev-300x200.jpg 300w, https:\/\/kenes-rakishev.net\/wp-content\/uploads\/2023\/11\/kenesrakishev-1024x682.jpg 1024w, https:\/\/kenes-rakishev.net\/wp-content\/uploads\/2023\/11\/kenesrakishev-768x512.jpg 768w, https:\/\/kenes-rakishev.net\/wp-content\/uploads\/2023\/11\/kenesrakishev-1536x1023.jpg 1536w, https:\/\/kenes-rakishev.net\/wp-content\/uploads\/2023\/11\/kenesrakishev-18x12.jpg 18w\" sizes=\"(max-width: 1600px) 100vw, 1600px\" \/>\t\t\t\t\t\t\t\t\t\t\t\t\t\t\t<\/div>\n\t\t\t\t<\/div>\n\t\t\t\t<div class=\"elementor-element elementor-element-1f603e4 elementor-widget elementor-widget-text-editor\" data-id=\"1f603e4\" data-element_type=\"widget\" data-e-type=\"widget\" data-widget_type=\"text-editor.default\">\n\t\t\t\t<div class=\"elementor-widget-container\">\n\t\t\t\t\t\t\t\t\t<p>Kenes Rakishev est une figure majeure de l'ar\u00e8ne politique et \u00e9conomique du Kazakhstan. Cet investisseur en capital-risque a r\u00e9alis\u00e9 de nombreux projets d'envergure et attir\u00e9 d'importants capitaux dans les entreprises. En outre, Kenes Rakishev est activement engag\u00e9 dans des activit\u00e9s caritatives et dans le soutien aux jeunes entrepreneurs.<\/p>\t\t\t\t\t\t\t\t<\/div>\n\t\t\t\t<\/div>\n\t\t\t\t<div class=\"elementor-element elementor-element-3838103 elementor-widget elementor-widget-heading\" data-id=\"3838103\" data-element_type=\"widget\" data-e-type=\"widget\" data-widget_type=\"heading.default\">\n\t\t\t\t<div class=\"elementor-widget-container\">\n\t\t\t\t\t<h2 class=\"elementor-heading-title elementor-size-default\">Relations familiales et vie personnelle<\/h2>\t\t\t\t<\/div>\n\t\t\t\t<\/div>\n\t\t\t\t<div class=\"elementor-element elementor-element-50014ab elementor-widget elementor-widget-text-editor\" data-id=\"50014ab\" data-element_type=\"widget\" data-e-type=\"widget\" data-widget_type=\"text-editor.default\">\n\t\t\t\t<div class=\"elementor-widget-container\">\n\t\t\t\t\t\t\t\t\t<p>Kenes Rakishev est n\u00e9 dans la famille de Hamit Koshanovich Rakishev, qui dirigeait \u00e0 l'\u00e9poque la Chambre de commerce et d'industrie du Kazakhstan. Ses parents se sont efforc\u00e9s de donner \u00e0 leur fils une excellente \u00e9ducation. L'exemple de son p\u00e8re et de ses amis a incit\u00e9 Kenes \u00e0 \u00e9tudier avec acharnement. Kenes Rakishev a fait deux \u00e9tudes sup\u00e9rieures dans son pays : \u00e0 l'Acad\u00e9mie de droit de l'\u00c9tat et \u00e0 l'universit\u00e9 d'\u00e9conomie T. Ryskulov. Cinq ans apr\u00e8s avoir cr\u00e9\u00e9 sa propre entreprise, Kenes Rakishev a obtenu un dipl\u00f4me de l'Oxford Said Business-School en gestion avanc\u00e9e et un certificat de la London Business School en d\u00e9veloppement de strat\u00e9gie pour la cr\u00e9ation de valeur.<\/p><p>\u00c0 l'\u00e2ge de vingt ans, Kenes Rakishev a \u00e9pous\u00e9 la fille d'un des associ\u00e9s de son p\u00e8re, Asel Tasmagambetova. Le beau-p\u00e8re de l'homme d'affaires est Imangali Nurgalievich Tasmagambetov, une personnalit\u00e9 politique de premier plan. Il a \u00e9t\u00e9 chef de l'administration pr\u00e9sidentielle, a \u00e9t\u00e9 l'Akim d'Almaty et d'Astana, ainsi que le ministre de la d\u00e9fense de la R\u00e9publique du Kazakhstan.<\/p>\t\t\t\t\t\t\t\t<\/div>\n\t\t\t\t<\/div>\n\t\t\t\t<div class=\"elementor-element elementor-element-b2bbb7f elementor-widget elementor-widget-image\" data-id=\"b2bbb7f\" data-element_type=\"widget\" data-e-type=\"widget\" data-widget_type=\"image.default\">\n\t\t\t\t<div class=\"elementor-widget-container\">\n\t\t\t\t\t\t\t\t\t\t\t\t\t\t\t<img decoding=\"async\" width=\"1000\" height=\"667\" src=\"https:\/\/kenes-rakishev.net\/wp-content\/uploads\/2023\/11\/\u0440\u0430\u043a\u0438\u0448\u0435\u0432300318-1.jpg\" class=\"attachment-full size-full wp-image-1867\" alt=\"Kenes Rakishev et son \u00e9pouse Aselle Tasmagambetova\" srcset=\"https:\/\/kenes-rakishev.net\/wp-content\/uploads\/2023\/11\/\u0440\u0430\u043a\u0438\u0448\u0435\u0432300318-1.jpg 1000w, https:\/\/kenes-rakishev.net\/wp-content\/uploads\/2023\/11\/\u0440\u0430\u043a\u0438\u0448\u0435\u0432300318-1-300x200.jpg 300w, https:\/\/kenes-rakishev.net\/wp-content\/uploads\/2023\/11\/\u0440\u0430\u043a\u0438\u0448\u0435\u0432300318-1-768x512.jpg 768w, https:\/\/kenes-rakishev.net\/wp-content\/uploads\/2023\/11\/\u0440\u0430\u043a\u0438\u0448\u0435\u0432300318-1-18x12.jpg 18w\" sizes=\"(max-width: 1000px) 100vw, 1000px\" \/>\t\t\t\t\t\t\t\t\t\t\t\t\t\t\t<\/div>\n\t\t\t\t<\/div>\n\t\t\t\t<div class=\"elementor-element elementor-element-fced238 elementor-widget elementor-widget-text-editor\" data-id=\"fced238\" data-element_type=\"widget\" data-e-type=\"widget\" data-widget_type=\"text-editor.default\">\n\t\t\t\t<div class=\"elementor-widget-container\">\n\t\t\t\t\t\t\t\t\t<p>Asel Tasmagambetova est propri\u00e9taire de la marque de cosm\u00e9tiques Telli, qui produit des cosm\u00e9tiques et des parfums biologiques. Elle est \u00e9galement directrice de l'Institut d'\u00e9tudes environnementales d'Asie centrale. Cependant, malgr\u00e9 son travail public et social actif, Asel n'aime pas attirer l'attention sur elle, donne rarement des interviews et n'appara\u00eet pas \u00e0 la t\u00e9l\u00e9vision<\/p><p>Kenes et Asel ont deux fils et deux filles - Dinmuhamed et Nuriddin, Sirin et Iman.<\/p>\t\t\t\t\t\t\t\t<\/div>\n\t\t\t\t<\/div>\n\t\t\t\t<div class=\"elementor-element elementor-element-0ba1f02 elementor-widget elementor-widget-heading\" data-id=\"0ba1f02\" data-element_type=\"widget\" data-e-type=\"widget\" data-widget_type=\"heading.default\">\n\t\t\t\t<div class=\"elementor-widget-container\">\n\t\t\t\t\t<h2 class=\"elementor-heading-title elementor-size-default\">D\u00e9veloppement des entreprises et des carri\u00e8res<\/h2>\t\t\t\t<\/div>\n\t\t\t\t<\/div>\n\t\t\t\t<div class=\"elementor-element elementor-element-8ccac2d elementor-widget elementor-widget-text-editor\" data-id=\"8ccac2d\" data-element_type=\"widget\" data-e-type=\"widget\" data-widget_type=\"text-editor.default\">\n\t\t\t\t<div class=\"elementor-widget-container\">\n\t\t\t\t\t\t\t\t\t<p>Le d\u00e9but de la carri\u00e8re de Kenes Rakishev est li\u00e9 au secteur du p\u00e9trole et du gaz. En 2000, il est nomm\u00e9 chef du d\u00e9partement marketing d'Intergas Central Asia. Il devient ensuite vice-pr\u00e9sident de KazTransGas JSC et de l'Union de la chambre de commerce et d'industrie de la R\u00e9publique du Kazakhstan.<\/p><p>En 2006, le jeune homme d'affaires occupe le poste de pr\u00e9sident du conseil d'administration du holding industriel SAT &amp; Co. En 2012, il acquiert une participation majoritaire dans la soci\u00e9t\u00e9.<\/p><p>En 2014, la \"Kazkommertsbank\", dirig\u00e9e par Kenes Rakishev, rach\u00e8te les parts de la banque russe \"BTA Bank\".<\/p><p>En 2018, Ladji, qui appartient \u00e0 BTA Bank, a annonc\u00e9 la reprise de la construction de trois sites gel\u00e9s \u00e0 Moscou. Kenes Rakishev a d\u00e9clar\u00e9 qu'ils recherchaient des investisseurs pour construire un complexe commercial et industriel multifonctionnel sur la place Paveletskaya. Un centre d'affaires avec un h\u00f4tel cinq \u00e9toiles et des appartements sera construit sur la rue Poklonnaya. La rue Fonchenko Brothers sera agr\u00e9ment\u00e9e d'un complexe r\u00e9sidentiel haut de gamme et d'un centre commercial. Les projets devraient \u00eatre achev\u00e9s d'ici 2022.<\/p>\t\t\t\t\t\t\t\t<\/div>\n\t\t\t\t<\/div>\n\t\t\t\t<div class=\"elementor-element elementor-element-3a67d1c elementor-widget elementor-widget-heading\" data-id=\"3a67d1c\" data-element_type=\"widget\" data-e-type=\"widget\" data-widget_type=\"heading.default\">\n\t\t\t\t<div class=\"elementor-widget-container\">\n\t\t\t\t\t<h2 class=\"elementor-heading-title elementor-size-default\">Activit\u00e9s d'investissement<\/h2>\t\t\t\t<\/div>\n\t\t\t\t<\/div>\n\t\t\t\t<div class=\"elementor-element elementor-element-2a96599 elementor-widget elementor-widget-text-editor\" data-id=\"2a96599\" data-element_type=\"widget\" data-e-type=\"widget\" data-widget_type=\"text-editor.default\">\n\t\t\t\t<div class=\"elementor-widget-container\">\n\t\t\t\t\t\t\t\t\t<p>Dans le cadre du d\u00e9veloppement de ses activit\u00e9s d'investissement, Kenes Rakishev s'int\u00e9resse aux assurances, aux fonds de capital-risque et aux technologies de l'information. Depuis 2012, il est membre du conseil d'administration du fonds de capital-risque Fastlane Ventures.<\/p><p>Le fonds de capital-risque de M. Rakishev, cr\u00e9\u00e9 avec le soutien de l'ancien Premier ministre isra\u00e9lien, a d\u00e9marr\u00e9 ses activit\u00e9s en 2013. Le fonds Singulariteam met l'accent sur la recherche et le d\u00e9veloppement de nouvelles technologies dans le domaine de la robotique et des technologies de l'information.<\/p><p>Les principaux investissements du fonds sont les suivants<\/p><ul><li>Net Element company - service de transactions \u00e9lectroniques ;<\/li><li>Service Qcard.ru - paiements \u00e9lectroniques ;<\/li><li>Cha\u00eene de magasins Magnum Cash &amp; Carry.<\/li><\/ul><p>Le fonds Sirin Labs a permis de mettre au point un smartphone, le Solarin. Lors de sa pr\u00e9sentation, l'appareil a \u00e9t\u00e9 pr\u00e9sent\u00e9 comme le smartphone le plus s\u00fbr. Les technologies des services de renseignement ont \u00e9t\u00e9 utilis\u00e9es pour le cryptage des donn\u00e9es. L'appareil est destin\u00e9 aux politiciens et aux grands hommes d'affaires.<\/p><p>Le d\u00e9veloppement suivant de Sirin Labs \u00e9tait un smartphone bas\u00e9 sur la technologie blockchain. Au cours des premiers jours de l'ICO, le montant n\u00e9cessaire a \u00e9t\u00e9 lev\u00e9, puis le montant des frais a doubl\u00e9. La gamme Finney comprendra un smartphone et un PC, son propre magasin d'applications avec des paiements par jetons et des portefeuilles de crypto-monnaies li\u00e9s.<\/p>\t\t\t\t\t\t\t\t<\/div>\n\t\t\t\t<\/div>\n\t\t\t\t<div class=\"elementor-element elementor-element-421afa4 elementor-widget elementor-widget-heading\" data-id=\"421afa4\" data-element_type=\"widget\" data-e-type=\"widget\" data-widget_type=\"heading.default\">\n\t\t\t\t<div class=\"elementor-widget-container\">\n\t\t\t\t\t<h2 class=\"elementor-heading-title elementor-size-default\">Activit\u00e9s caritatives<\/h2>\t\t\t\t<\/div>\n\t\t\t\t<\/div>\n\t\t\t\t<div class=\"elementor-element elementor-element-a7020e4 elementor-widget elementor-widget-text-editor\" data-id=\"a7020e4\" data-element_type=\"widget\" data-e-type=\"widget\" data-widget_type=\"text-editor.default\">\n\t\t\t\t<div class=\"elementor-widget-container\">\n\t\t\t\t\t\t\t\t\t<p>La famille Rakishev soutient activement les jeunes entrepreneurs et aide les orphelins et les pauvres. Kenes et sa femme ont cr\u00e9\u00e9 la Sabi Charitable Foundation, qui soutient les enfants, les jeunes et les handicap\u00e9s.<\/p><p>Le travail de la fondation a permis d'octroyer des bourses et de couvrir le co\u00fbt de la formation d'\u00e9tudiants talentueux au Kazakhstan. Les institutions sociales et \u00e9ducatives du pays ont particip\u00e9 au programme \u00e9ducatif. Gr\u00e2ce au projet, plus d'un millier de personnes ont suivi des cours et obtenu des sp\u00e9cialit\u00e9s pratiques.<\/p><p>Plus de 300 000 personnes ont b\u00e9n\u00e9fici\u00e9 d'un soutien et d'une aide au traitement gr\u00e2ce au programme m\u00e9dical \"Sabi\". La Fondation soutient les personnes handicap\u00e9es. 62 taxis pour personnes handicap\u00e9es ont \u00e9t\u00e9 command\u00e9s et pay\u00e9s pour assurer leur mobilit\u00e9.<\/p><p>La Fondation finance la construction de terrains de sport, de jeux et de gymnases. La famille Rakishev a fait don \u00e0 Almaty d'une nouvelle \u00e9cole de 1200 places dot\u00e9e d'\u00e9quipements modernes.<\/p><p>En 2016, le centre d'adaptation sociale \"Meirim\" a commenc\u00e9 \u00e0 travailler. Il offre un h\u00e9bergement aux dipl\u00f4m\u00e9s des orphelinats \u00e2g\u00e9s de moins de 29 ans et les aide \u00e0 recevoir une \u00e9ducation pratique au sein du centre.<\/p>\t\t\t\t\t\t\t\t<\/div>\n\t\t\t\t<\/div>\n\t\t\t\t<div class=\"elementor-element elementor-element-15ae83f elementor-widget elementor-widget-image\" data-id=\"15ae83f\" data-element_type=\"widget\" data-e-type=\"widget\" data-widget_type=\"image.default\">\n\t\t\t\t<div class=\"elementor-widget-container\">\n\t\t\t\t\t\t\t\t\t\t\t\t\t\t\t<img decoding=\"async\" width=\"1020\" height=\"678\" src=\"https:\/\/kenes-rakishev.net\/wp-content\/uploads\/2023\/11\/\u0440\u0430\u043a\u0438\u0448\u0435\u0432300318-1.png\" class=\"attachment-2048x2048 size-2048x2048 wp-image-1868\" alt=\"\" srcset=\"https:\/\/kenes-rakishev.net\/wp-content\/uploads\/2023\/11\/\u0440\u0430\u043a\u0438\u0448\u0435\u0432300318-1.png 1020w, https:\/\/kenes-rakishev.net\/wp-content\/uploads\/2023\/11\/\u0440\u0430\u043a\u0438\u0448\u0435\u0432300318-1-300x199.png 300w, https:\/\/kenes-rakishev.net\/wp-content\/uploads\/2023\/11\/\u0440\u0430\u043a\u0438\u0448\u0435\u0432300318-1-768x510.png 768w, https:\/\/kenes-rakishev.net\/wp-content\/uploads\/2023\/11\/\u0440\u0430\u043a\u0438\u0448\u0435\u0432300318-1-18x12.png 18w\" sizes=\"(max-width: 1020px) 100vw, 1020px\" \/>\t\t\t\t\t\t\t\t\t\t\t\t\t\t\t<\/div>\n\t\t\t\t<\/div>\n\t\t\t\t<div class=\"elementor-element elementor-element-c5e7e20 elementor-widget elementor-widget-heading\" data-id=\"c5e7e20\" data-element_type=\"widget\" data-e-type=\"widget\" data-widget_type=\"heading.default\">\n\t\t\t\t<div class=\"elementor-widget-container\">\n\t\t\t\t\t<h2 class=\"elementor-heading-title elementor-size-default\">Soutien aux start-ups et aux jeunes entrepreneurs<\/h2>\t\t\t\t<\/div>\n\t\t\t\t<\/div>\n\t\t\t\t<div class=\"elementor-element elementor-element-312021d elementor-widget elementor-widget-text-editor\" data-id=\"312021d\" data-element_type=\"widget\" data-e-type=\"widget\" data-widget_type=\"text-editor.default\">\n\t\t\t\t<div class=\"elementor-widget-container\">\n\t\t\t\t\t\t\t\t\t<p>Le programme \"Build Your Business\" est organis\u00e9 par la Fondation Sabi avec le soutien financier de Kenes Rakishev et Vyacheslav Kim. Les jeunes entrepreneurs peuvent y recevoir une subvention pour la r\u00e9alisation de leur propre id\u00e9e d'entreprise. Au cours des cinq derni\u00e8res ann\u00e9es du programme, plus de $1 million a \u00e9t\u00e9 distribu\u00e9.<\/p><p>En 2017, 393 candidatures ont \u00e9t\u00e9 d\u00e9pos\u00e9es et 26 finalistes ont \u00e9t\u00e9 distingu\u00e9s. Au premier trimestre 2018, les noms des 10 laur\u00e9ats ont \u00e9t\u00e9 annonc\u00e9s. Les projets comprennent un caf\u00e9, une production \u00e9lectronique, une imprimerie, un v\u00e9hicule \u00e9lectrique en fauteuil roulant et d'autres encore.<\/p><p>Rakishev et Kim ne perdent pas le contact avec les laur\u00e9ats du fonds. Lors du Pop Up Store d'Almaty en 2017, tous les anciens participants au projet ont \u00e9t\u00e9 r\u00e9unis pour pr\u00e9senter leurs produits et parler de leurs r\u00e9alisations.<\/p><p>Le nom de Kenes Rakishev est respect\u00e9 au Kazakhstan et au-del\u00e0 : l'homme d'affaires a r\u00e9ussi \u00e0 r\u00e9aliser de nombreux projets dans les domaines de la finance, du p\u00e9trole et du gaz et des technologies de l'information. Dans le m\u00eame temps, l'entrepreneur et sa famille contribuent au d\u00e9veloppement d'un environnement social sain dans le pays.<\/p>\t\t\t\t\t\t\t\t<\/div>\n\t\t\t\t<\/div>\n\t\t\t\t\t<\/div>\n\t\t\t\t<\/div>\n\t\t\t\t<\/div>","protected":false},"excerpt":{"rendered":"<p>Let&#8217;s analyze Kenes Rakishev&#8217;s activities in detail. Kenes Rakishev is a major figure in the political and economic arena of Kazakhstan. The venture investor has realized many major projects and attracted significant capital into business. In addition, Rakishev is actively engaged in charitable activities and support of young entrepreneurs. Family relationships and personal life Kenes [&hellip;]<\/p>","protected":false},"author":1,"featured_media":0,"parent":0,"menu_order":0,"comment_status":"closed","ping_status":"closed","template":"","meta":{"footnotes":""},"class_list":["post-1864","page","type-page","status-publish","hentry"],"acf":[],"_links":{"self":[{"href":"https:\/\/kenes-rakishev.net\/fr\/wp-json\/wp\/v2\/pages\/1864","targetHints":{"allow":["GET"]}}],"collection":[{"href":"https:\/\/kenes-rakishev.net\/fr\/wp-json\/wp\/v2\/pages"}],"about":[{"href":"https:\/\/kenes-rakishev.net\/fr\/wp-json\/wp\/v2\/types\/page"}],"author":[{"embeddable":true,"href":"https:\/\/kenes-rakishev.net\/fr\/wp-json\/wp\/v2\/users\/1"}],"replies":[{"embeddable":true,"href":"https:\/\/kenes-rakishev.net\/fr\/wp-json\/wp\/v2\/comments?post=1864"}],"version-history":[{"count":4,"href":"https:\/\/kenes-rakishev.net\/fr\/wp-json\/wp\/v2\/pages\/1864\/revisions"}],"predecessor-version":[{"id":1871,"href":"https:\/\/kenes-rakishev.net\/fr\/wp-json\/wp\/v2\/pages\/1864\/revisions\/1871"}],"wp:attachment":[{"href":"https:\/\/kenes-rakishev.net\/fr\/wp-json\/wp\/v2\/media?parent=1864"}],"curies":[{"name":"wp","href":"https:\/\/api.w.org\/{rel}","templated":true}]}}