{"id":1864,"date":"2022-08-23T07:02:00","date_gmt":"2022-08-23T07:02:00","guid":{"rendered":"https:\/\/kenes-rakishev.net\/?page_id=1864"},"modified":"2023-11-13T07:29:46","modified_gmt":"2023-11-13T07:29:46","slug":"who-is-kenes-rakishev","status":"publish","type":"page","link":"https:\/\/kenes-rakishev.net\/it\/who-is-kenes-rakishev\/","title":{"rendered":"Chi \u00e8 Kenes Rakishev?"},"content":{"rendered":"<div data-elementor-type=\"wp-page\" data-elementor-id=\"1864\" class=\"elementor elementor-1864\" data-elementor-post-type=\"page\">\n\t\t\t\t<div class=\"elementor-element elementor-element-bf74eb6 e-flex e-con-boxed e-con e-parent\" data-id=\"bf74eb6\" data-element_type=\"container\" data-e-type=\"container\">\n\t\t\t\t\t<div class=\"e-con-inner\">\n\t\t\t\t<div class=\"elementor-element elementor-element-2904d5d elementor-widget elementor-widget-heading\" data-id=\"2904d5d\" data-element_type=\"widget\" data-e-type=\"widget\" data-widget_type=\"heading.default\">\n\t\t\t\t<div class=\"elementor-widget-container\">\n\t\t\t\t\t<h2 class=\"elementor-heading-title elementor-size-default\">Analizziamo in dettaglio le attivit\u00e0 di Kenes Rakishev.<\/h2>\t\t\t\t<\/div>\n\t\t\t\t<\/div>\n\t\t\t\t<div class=\"elementor-element elementor-element-23b3faa elementor-widget elementor-widget-image\" data-id=\"23b3faa\" data-element_type=\"widget\" data-e-type=\"widget\" data-widget_type=\"image.default\">\n\t\t\t\t<div class=\"elementor-widget-container\">\n\t\t\t\t\t\t\t\t\t\t\t\t\t\t\t<img fetchpriority=\"high\" decoding=\"async\" width=\"1600\" height=\"1066\" src=\"https:\/\/kenes-rakishev.net\/wp-content\/uploads\/2023\/11\/kenesrakishev.jpg\" class=\"attachment-full size-full wp-image-1866\" alt=\"kenes rakishev\" srcset=\"https:\/\/kenes-rakishev.net\/wp-content\/uploads\/2023\/11\/kenesrakishev.jpg 1600w, https:\/\/kenes-rakishev.net\/wp-content\/uploads\/2023\/11\/kenesrakishev-300x200.jpg 300w, https:\/\/kenes-rakishev.net\/wp-content\/uploads\/2023\/11\/kenesrakishev-1024x682.jpg 1024w, https:\/\/kenes-rakishev.net\/wp-content\/uploads\/2023\/11\/kenesrakishev-768x512.jpg 768w, https:\/\/kenes-rakishev.net\/wp-content\/uploads\/2023\/11\/kenesrakishev-1536x1023.jpg 1536w, https:\/\/kenes-rakishev.net\/wp-content\/uploads\/2023\/11\/kenesrakishev-18x12.jpg 18w\" sizes=\"(max-width: 1600px) 100vw, 1600px\" \/>\t\t\t\t\t\t\t\t\t\t\t\t\t\t\t<\/div>\n\t\t\t\t<\/div>\n\t\t\t\t<div class=\"elementor-element elementor-element-1f603e4 elementor-widget elementor-widget-text-editor\" data-id=\"1f603e4\" data-element_type=\"widget\" data-e-type=\"widget\" data-widget_type=\"text-editor.default\">\n\t\t\t\t<div class=\"elementor-widget-container\">\n\t\t\t\t\t\t\t\t\t<p>Kenes Rakishev \u00e8 una figura importante nell'arena politica ed economica del Kazakistan. L'investitore di rischio ha realizzato molti progetti importanti e ha attirato ingenti capitali negli affari. Inoltre, Rakishev \u00e8 attivamente impegnato in attivit\u00e0 di beneficenza e di sostegno ai giovani imprenditori.<\/p>\t\t\t\t\t\t\t\t<\/div>\n\t\t\t\t<\/div>\n\t\t\t\t<div class=\"elementor-element elementor-element-3838103 elementor-widget elementor-widget-heading\" data-id=\"3838103\" data-element_type=\"widget\" data-e-type=\"widget\" data-widget_type=\"heading.default\">\n\t\t\t\t<div class=\"elementor-widget-container\">\n\t\t\t\t\t<h2 class=\"elementor-heading-title elementor-size-default\">Relazioni familiari e vita privata<\/h2>\t\t\t\t<\/div>\n\t\t\t\t<\/div>\n\t\t\t\t<div class=\"elementor-element elementor-element-50014ab elementor-widget elementor-widget-text-editor\" data-id=\"50014ab\" data-element_type=\"widget\" data-e-type=\"widget\" data-widget_type=\"text-editor.default\">\n\t\t\t\t<div class=\"elementor-widget-container\">\n\t\t\t\t\t\t\t\t\t<p>Kenes Rakishev \u00e8 nato nella famiglia di Hamit Koshanovich Rakishev, che all'epoca dirigeva la Camera di Commercio e Industria del Kazakistan. I suoi genitori cercarono di dare al figlio un'istruzione eccellente, l'esempio di suo padre e dei suoi amici ispir\u00f2 Kenes a studiare duramente. In patria Rakishev ha conseguito due studi superiori: presso l'Accademia Statale di Legge e l'Universit\u00e0 di Economia T. Ryskulov. Cinque anni dopo aver avviato la propria attivit\u00e0, Kenes Rakishev ha conseguito un diploma presso la Oxford Said Business-School in Advanced Management e un certificato presso la London Business School in Developing Strategy for Value Creation.<\/p><p>All'et\u00e0 di vent'anni Kenes Rakishev ha sposato la figlia di uno dei soci del padre, Asel Tasmagambetova. Il suocero dell'uomo d'affari \u00e8 Imangali Nurgalievich Tasmagambetov, un'importante figura politica. \u00c8 stato a capo dell'amministrazione presidenziale, \u00e8 stato Akim di Almaty e Astana, nonch\u00e9 ministro della Difesa della Repubblica del Kazakistan.<\/p>\t\t\t\t\t\t\t\t<\/div>\n\t\t\t\t<\/div>\n\t\t\t\t<div class=\"elementor-element elementor-element-b2bbb7f elementor-widget elementor-widget-image\" data-id=\"b2bbb7f\" data-element_type=\"widget\" data-e-type=\"widget\" data-widget_type=\"image.default\">\n\t\t\t\t<div class=\"elementor-widget-container\">\n\t\t\t\t\t\t\t\t\t\t\t\t\t\t\t<img decoding=\"async\" width=\"1000\" height=\"667\" src=\"https:\/\/kenes-rakishev.net\/wp-content\/uploads\/2023\/11\/\u0440\u0430\u043a\u0438\u0448\u0435\u0432300318-1.jpg\" class=\"attachment-full size-full wp-image-1867\" alt=\"Kenes Rakishev con la moglie Aselle Tasmagambetova\" srcset=\"https:\/\/kenes-rakishev.net\/wp-content\/uploads\/2023\/11\/\u0440\u0430\u043a\u0438\u0448\u0435\u0432300318-1.jpg 1000w, https:\/\/kenes-rakishev.net\/wp-content\/uploads\/2023\/11\/\u0440\u0430\u043a\u0438\u0448\u0435\u0432300318-1-300x200.jpg 300w, https:\/\/kenes-rakishev.net\/wp-content\/uploads\/2023\/11\/\u0440\u0430\u043a\u0438\u0448\u0435\u0432300318-1-768x512.jpg 768w, https:\/\/kenes-rakishev.net\/wp-content\/uploads\/2023\/11\/\u0440\u0430\u043a\u0438\u0448\u0435\u0432300318-1-18x12.jpg 18w\" sizes=\"(max-width: 1000px) 100vw, 1000px\" \/>\t\t\t\t\t\t\t\t\t\t\t\t\t\t\t<\/div>\n\t\t\t\t<\/div>\n\t\t\t\t<div class=\"elementor-element elementor-element-fced238 elementor-widget elementor-widget-text-editor\" data-id=\"fced238\" data-element_type=\"widget\" data-e-type=\"widget\" data-widget_type=\"text-editor.default\">\n\t\t\t\t<div class=\"elementor-widget-container\">\n\t\t\t\t\t\t\t\t\t<p>Asel Tasmagambetova \u00e8 proprietaria del marchio di cosmetici Telli, che produce cosmetici e profumi biologici. \u00c8 anche direttrice dell'Istituto di studi ambientali dell'Asia centrale. Tuttavia, nonostante il suo attivo lavoro pubblico e sociale, Asel non ama attirare l'attenzione su di s\u00e9, rilascia raramente interviste e non appare in televisione.<\/p><p>Kenes e Asel hanno due figli e due figlie: Dinmuhamed e Nuriddin, Sirin e Iman.<\/p>\t\t\t\t\t\t\t\t<\/div>\n\t\t\t\t<\/div>\n\t\t\t\t<div class=\"elementor-element elementor-element-0ba1f02 elementor-widget elementor-widget-heading\" data-id=\"0ba1f02\" data-element_type=\"widget\" data-e-type=\"widget\" data-widget_type=\"heading.default\">\n\t\t\t\t<div class=\"elementor-widget-container\">\n\t\t\t\t\t<h2 class=\"elementor-heading-title elementor-size-default\">Sviluppo del business e della carriera<\/h2>\t\t\t\t<\/div>\n\t\t\t\t<\/div>\n\t\t\t\t<div class=\"elementor-element elementor-element-8ccac2d elementor-widget elementor-widget-text-editor\" data-id=\"8ccac2d\" data-element_type=\"widget\" data-e-type=\"widget\" data-widget_type=\"text-editor.default\">\n\t\t\t\t<div class=\"elementor-widget-container\">\n\t\t\t\t\t\t\t\t\t<p>L'inizio della carriera di Kenes Rakishev \u00e8 legato al settore del petrolio e del gas. Nel 2000 \u00e8 stato nominato capo del dipartimento marketing di Intergas Central Asia. Successivamente \u00e8 diventato vicepresidente di KazTransGas JSC e dell'Unione delle Camere di Commercio e Industria della Repubblica del Kazakistan.<\/p><p>Nel 2006, il giovane imprenditore ricopre la carica di Presidente del Consiglio di Amministrazione della holding industriale SAT &amp; Co. Nel 2012 acquisisce una quota di controllo della societ\u00e0.<\/p><p>Nel 2014, la \"Kazkommertsbank\" sotto la guida di Kenes Rakishev acquista le azioni della russa \"BTA Bank\".<\/p><p>Nel 2018, Ladji, che \u00e8 di propriet\u00e0 della BTA Bank, ha annunciato la ripresa della costruzione di tre siti congelati a Mosca. Kenes Rakishev ha dichiarato che stanno cercando investitori per costruire un complesso commerciale e industriale multifunzionale in piazza Paveletskaya. In via Poklonnaya sar\u00e0 costruito un centro d'affari con un hotel a cinque stelle e appartamenti. Fonchenko Brothers Street sar\u00e0 decorata con un complesso residenziale di classe superiore e un centro commerciale. Il completamento dell'opera \u00e8 previsto entro il 2022.<\/p>\t\t\t\t\t\t\t\t<\/div>\n\t\t\t\t<\/div>\n\t\t\t\t<div class=\"elementor-element elementor-element-3a67d1c elementor-widget elementor-widget-heading\" data-id=\"3a67d1c\" data-element_type=\"widget\" data-e-type=\"widget\" data-widget_type=\"heading.default\">\n\t\t\t\t<div class=\"elementor-widget-container\">\n\t\t\t\t\t<h2 class=\"elementor-heading-title elementor-size-default\">Attivit\u00e0 di investimento<\/h2>\t\t\t\t<\/div>\n\t\t\t\t<\/div>\n\t\t\t\t<div class=\"elementor-element elementor-element-2a96599 elementor-widget elementor-widget-text-editor\" data-id=\"2a96599\" data-element_type=\"widget\" data-e-type=\"widget\" data-widget_type=\"text-editor.default\">\n\t\t\t\t<div class=\"elementor-widget-container\">\n\t\t\t\t\t\t\t\t\t<p>Con lo sviluppo delle sue attivit\u00e0 di investimento, Kenes Rakishev rivolge la sua attenzione alle assicurazioni, ai fondi di rischio e alle tecnologie informatiche. Dal 2012 \u00e8 membro del consiglio di amministrazione del fondo di venture Fastlane Ventures.<\/p><p>Il fondo di venture di Rakishev, istituito con il sostegno dell'ex primo ministro israeliano, ha iniziato a operare nel 2013. Il fondo Singulariteam si concentra sulla ricerca e sullo sviluppo di nuove tecnologie nel campo della robotica e dell'informatica.<\/p><p>I principali investimenti del fondo sono:<\/p><ul><li>Net Element - servizio di transazioni elettroniche;<\/li><li>Servizio Qcard.ru - pagamenti elettronici;<\/li><li>Catena di negozi Magnum Cash &amp; Carry.<\/li><\/ul><p>Sulla base del fondo Sirin Labs \u00e8 stato sviluppato lo smartphone Solarin. Alla presentazione, il dispositivo \u00e8 stato presentato come lo smartphone pi\u00f9 sicuro. Per la crittografia dei dati sono state utilizzate tecnologie dei servizi di intelligence; il dispositivo \u00e8 destinato a politici e grandi uomini d'affari.<\/p><p>Il prossimo sviluppo di Sirin Labs \u00e8 stato uno smartphone basato sulla tecnologia blockchain. Durante i primi giorni dell'ICO \u00e8 stata raccolta la somma necessaria, successivamente l'importo delle commissioni \u00e8 raddoppiato. La linea Finney comprender\u00e0 uno smartphone e un PC, un proprio app store con pagamenti in token e portafogli di criptovalute collegati.<\/p>\t\t\t\t\t\t\t\t<\/div>\n\t\t\t\t<\/div>\n\t\t\t\t<div class=\"elementor-element elementor-element-421afa4 elementor-widget elementor-widget-heading\" data-id=\"421afa4\" data-element_type=\"widget\" data-e-type=\"widget\" data-widget_type=\"heading.default\">\n\t\t\t\t<div class=\"elementor-widget-container\">\n\t\t\t\t\t<h2 class=\"elementor-heading-title elementor-size-default\">Attivit\u00e0 di beneficenza<\/h2>\t\t\t\t<\/div>\n\t\t\t\t<\/div>\n\t\t\t\t<div class=\"elementor-element elementor-element-a7020e4 elementor-widget elementor-widget-text-editor\" data-id=\"a7020e4\" data-element_type=\"widget\" data-e-type=\"widget\" data-widget_type=\"text-editor.default\">\n\t\t\t\t<div class=\"elementor-widget-container\">\n\t\t\t\t\t\t\t\t\t<p>La famiglia Rakishev sostiene attivamente i giovani imprenditori e aiuta gli orfani e i poveri. Kenes e sua moglie hanno istituito la Fondazione Sabi Charitable, che sostiene bambini, giovani e disabili.<\/p><p>Il lavoro della fondazione ha fornito borse di studio e coperto i costi di formazione per gli studenti di talento in Kazakistan. Le istituzioni sociali ed educative del Paese hanno partecipato al programma educativo, grazie al quale pi\u00f9 di mille persone hanno seguito corsi e ricevuto specializzazioni pratiche.<\/p><p>Pi\u00f9 di 300 mila persone hanno ricevuto sostegno e assistenza nelle cure grazie al programma medico \"Sabi\". La Fondazione sostiene le persone con disabilit\u00e0: sono state ordinate e pagate 62 vetture cabinate per persone con disabilit\u00e0, per garantire la loro mobilit\u00e0.<\/p><p>La Fondazione finanzia la costruzione di campi sportivi, parchi giochi e palestre. La famiglia Rakishev ha donato ad Almaty una nuova scuola da 1200 posti con attrezzature moderne.<\/p><p>Nel 2016 \u00e8 iniziato il lavoro del centro di adattamento sociale \"Meirim\". Offre alloggio ai diplomati degli orfanotrofi di et\u00e0 inferiore ai 29 anni e li aiuta a ricevere un'istruzione pratica presso il centro.<\/p>\t\t\t\t\t\t\t\t<\/div>\n\t\t\t\t<\/div>\n\t\t\t\t<div class=\"elementor-element elementor-element-15ae83f elementor-widget elementor-widget-image\" data-id=\"15ae83f\" data-element_type=\"widget\" data-e-type=\"widget\" data-widget_type=\"image.default\">\n\t\t\t\t<div class=\"elementor-widget-container\">\n\t\t\t\t\t\t\t\t\t\t\t\t\t\t\t<img decoding=\"async\" width=\"1020\" height=\"678\" src=\"https:\/\/kenes-rakishev.net\/wp-content\/uploads\/2023\/11\/\u0440\u0430\u043a\u0438\u0448\u0435\u0432300318-1.png\" class=\"attachment-2048x2048 size-2048x2048 wp-image-1868\" alt=\"\" srcset=\"https:\/\/kenes-rakishev.net\/wp-content\/uploads\/2023\/11\/\u0440\u0430\u043a\u0438\u0448\u0435\u0432300318-1.png 1020w, https:\/\/kenes-rakishev.net\/wp-content\/uploads\/2023\/11\/\u0440\u0430\u043a\u0438\u0448\u0435\u0432300318-1-300x199.png 300w, https:\/\/kenes-rakishev.net\/wp-content\/uploads\/2023\/11\/\u0440\u0430\u043a\u0438\u0448\u0435\u0432300318-1-768x510.png 768w, https:\/\/kenes-rakishev.net\/wp-content\/uploads\/2023\/11\/\u0440\u0430\u043a\u0438\u0448\u0435\u0432300318-1-18x12.png 18w\" sizes=\"(max-width: 1020px) 100vw, 1020px\" \/>\t\t\t\t\t\t\t\t\t\t\t\t\t\t\t<\/div>\n\t\t\t\t<\/div>\n\t\t\t\t<div class=\"elementor-element elementor-element-c5e7e20 elementor-widget elementor-widget-heading\" data-id=\"c5e7e20\" data-element_type=\"widget\" data-e-type=\"widget\" data-widget_type=\"heading.default\">\n\t\t\t\t<div class=\"elementor-widget-container\">\n\t\t\t\t\t<h2 class=\"elementor-heading-title elementor-size-default\">Sostegno alle startup e ai giovani imprenditori<\/h2>\t\t\t\t<\/div>\n\t\t\t\t<\/div>\n\t\t\t\t<div class=\"elementor-element elementor-element-312021d elementor-widget elementor-widget-text-editor\" data-id=\"312021d\" data-element_type=\"widget\" data-e-type=\"widget\" data-widget_type=\"text-editor.default\">\n\t\t\t\t<div class=\"elementor-widget-container\">\n\t\t\t\t\t\t\t\t\t<p>Il programma \"Build Your Business\" \u00e8 organizzato dalla Fondazione Sabi con il finanziamento di Kenes Rakishev e Vyacheslav Kim. Qui i giovani imprenditori possono ricevere una sovvenzione per la realizzazione della propria idea imprenditoriale. Negli ultimi cinque anni del programma sono stati erogati pi\u00f9 di $1 milioni di euro.<\/p><p>Nel 2017 sono state presentate 393 domande e sono stati selezionati 26 finalisti. Nel primo trimestre del 2018 sono stati annunciati i nomi dei 10 vincitori. I progetti includono un bar, una produzione elettronica, una tipografia, un veicolo elettrico per sedie a rotelle e altri.<\/p><p>Rakishev e Kim non perdono i contatti con i vincitori dei premi del fondo. Nel 2017, in occasione del Pop Up Store di Almaty, tutti i precedenti partecipanti al progetto si sono riuniti per presentare i loro prodotti e parlare dei loro successi.<\/p><p>Il nome di Kenes Rakishev \u00e8 rispettato in Kazakistan e non solo: l'uomo d'affari \u00e8 riuscito a realizzare molti progetti in ambito finanziario, petrolifero, del gas e informatico. Allo stesso tempo, l'imprenditore e la sua famiglia contribuiscono a sviluppare un ambiente sociale sano nel Paese.<\/p>\t\t\t\t\t\t\t\t<\/div>\n\t\t\t\t<\/div>\n\t\t\t\t\t<\/div>\n\t\t\t\t<\/div>\n\t\t\t\t<\/div>","protected":false},"excerpt":{"rendered":"<p>Let&#8217;s analyze Kenes Rakishev&#8217;s activities in detail. Kenes Rakishev is a major figure in the political and economic arena of Kazakhstan. The venture investor has realized many major projects and attracted significant capital into business. In addition, Rakishev is actively engaged in charitable activities and support of young entrepreneurs. Family relationships and personal life Kenes [&hellip;]<\/p>","protected":false},"author":1,"featured_media":0,"parent":0,"menu_order":0,"comment_status":"closed","ping_status":"closed","template":"","meta":{"footnotes":""},"class_list":["post-1864","page","type-page","status-publish","hentry"],"acf":[],"_links":{"self":[{"href":"https:\/\/kenes-rakishev.net\/it\/wp-json\/wp\/v2\/pages\/1864","targetHints":{"allow":["GET"]}}],"collection":[{"href":"https:\/\/kenes-rakishev.net\/it\/wp-json\/wp\/v2\/pages"}],"about":[{"href":"https:\/\/kenes-rakishev.net\/it\/wp-json\/wp\/v2\/types\/page"}],"author":[{"embeddable":true,"href":"https:\/\/kenes-rakishev.net\/it\/wp-json\/wp\/v2\/users\/1"}],"replies":[{"embeddable":true,"href":"https:\/\/kenes-rakishev.net\/it\/wp-json\/wp\/v2\/comments?post=1864"}],"version-history":[{"count":4,"href":"https:\/\/kenes-rakishev.net\/it\/wp-json\/wp\/v2\/pages\/1864\/revisions"}],"predecessor-version":[{"id":1871,"href":"https:\/\/kenes-rakishev.net\/it\/wp-json\/wp\/v2\/pages\/1864\/revisions\/1871"}],"wp:attachment":[{"href":"https:\/\/kenes-rakishev.net\/it\/wp-json\/wp\/v2\/media?parent=1864"}],"curies":[{"name":"wp","href":"https:\/\/api.w.org\/{rel}","templated":true}]}}