{"id":1864,"date":"2022-08-23T07:02:00","date_gmt":"2022-08-23T07:02:00","guid":{"rendered":"https:\/\/kenes-rakishev.net\/?page_id=1864"},"modified":"2023-11-13T07:29:46","modified_gmt":"2023-11-13T07:29:46","slug":"who-is-kenes-rakishev","status":"publish","type":"page","link":"https:\/\/kenes-rakishev.net\/pl\/who-is-kenes-rakishev\/","title":{"rendered":"Kim jest Kenes Rakishev?"},"content":{"rendered":"<div data-elementor-type=\"wp-page\" data-elementor-id=\"1864\" class=\"elementor elementor-1864\" data-elementor-post-type=\"page\">\n\t\t\t\t<div class=\"elementor-element elementor-element-bf74eb6 e-flex e-con-boxed e-con e-parent\" data-id=\"bf74eb6\" data-element_type=\"container\" data-e-type=\"container\">\n\t\t\t\t\t<div class=\"e-con-inner\">\n\t\t\t\t<div class=\"elementor-element elementor-element-2904d5d elementor-widget elementor-widget-heading\" data-id=\"2904d5d\" data-element_type=\"widget\" data-e-type=\"widget\" data-widget_type=\"heading.default\">\n\t\t\t\t<div class=\"elementor-widget-container\">\n\t\t\t\t\t<h2 class=\"elementor-heading-title elementor-size-default\">Przeanalizujmy szczeg\u00f3\u0142owo dzia\u0142alno\u015b\u0107 Kenesa Rakisheva.<\/h2>\t\t\t\t<\/div>\n\t\t\t\t<\/div>\n\t\t\t\t<div class=\"elementor-element elementor-element-23b3faa elementor-widget elementor-widget-image\" data-id=\"23b3faa\" data-element_type=\"widget\" data-e-type=\"widget\" data-widget_type=\"image.default\">\n\t\t\t\t<div class=\"elementor-widget-container\">\n\t\t\t\t\t\t\t\t\t\t\t\t\t\t\t<img fetchpriority=\"high\" decoding=\"async\" width=\"1600\" height=\"1066\" src=\"https:\/\/kenes-rakishev.net\/wp-content\/uploads\/2023\/11\/kenesrakishev.jpg\" class=\"attachment-full size-full wp-image-1866\" alt=\"kenes rakishev\" srcset=\"https:\/\/kenes-rakishev.net\/wp-content\/uploads\/2023\/11\/kenesrakishev.jpg 1600w, https:\/\/kenes-rakishev.net\/wp-content\/uploads\/2023\/11\/kenesrakishev-300x200.jpg 300w, https:\/\/kenes-rakishev.net\/wp-content\/uploads\/2023\/11\/kenesrakishev-1024x682.jpg 1024w, https:\/\/kenes-rakishev.net\/wp-content\/uploads\/2023\/11\/kenesrakishev-768x512.jpg 768w, https:\/\/kenes-rakishev.net\/wp-content\/uploads\/2023\/11\/kenesrakishev-1536x1023.jpg 1536w, https:\/\/kenes-rakishev.net\/wp-content\/uploads\/2023\/11\/kenesrakishev-18x12.jpg 18w\" sizes=\"(max-width: 1600px) 100vw, 1600px\" \/>\t\t\t\t\t\t\t\t\t\t\t\t\t\t\t<\/div>\n\t\t\t\t<\/div>\n\t\t\t\t<div class=\"elementor-element elementor-element-1f603e4 elementor-widget elementor-widget-text-editor\" data-id=\"1f603e4\" data-element_type=\"widget\" data-e-type=\"widget\" data-widget_type=\"text-editor.default\">\n\t\t\t\t<div class=\"elementor-widget-container\">\n\t\t\t\t\t\t\t\t\t<p>Kenes Rakishev jest wa\u017cn\u0105 postaci\u0105 na arenie politycznej i gospodarczej Kazachstanu. Inwestor venture zrealizowa\u0142 wiele du\u017cych projekt\u00f3w i przyci\u0105gn\u0105\u0142 znaczny kapita\u0142 do biznesu. Ponadto Rakishev aktywnie anga\u017cuje si\u0119 w dzia\u0142alno\u015b\u0107 charytatywn\u0105 i wspieranie m\u0142odych przedsi\u0119biorc\u00f3w.<\/p>\t\t\t\t\t\t\t\t<\/div>\n\t\t\t\t<\/div>\n\t\t\t\t<div class=\"elementor-element elementor-element-3838103 elementor-widget elementor-widget-heading\" data-id=\"3838103\" data-element_type=\"widget\" data-e-type=\"widget\" data-widget_type=\"heading.default\">\n\t\t\t\t<div class=\"elementor-widget-container\">\n\t\t\t\t\t<h2 class=\"elementor-heading-title elementor-size-default\">Relacje rodzinne i \u017cycie osobiste<\/h2>\t\t\t\t<\/div>\n\t\t\t\t<\/div>\n\t\t\t\t<div class=\"elementor-element elementor-element-50014ab elementor-widget elementor-widget-text-editor\" data-id=\"50014ab\" data-element_type=\"widget\" data-e-type=\"widget\" data-widget_type=\"text-editor.default\">\n\t\t\t\t<div class=\"elementor-widget-container\">\n\t\t\t\t\t\t\t\t\t<p>Kenes Rakishev urodzi\u0142 si\u0119 w rodzinie Hamita Koshanovicha Rakisheva, kt\u00f3ry w tym czasie kierowa\u0142 Izb\u0105 Handlowo-Przemys\u0142ow\u0105 Kazachstanu. Jego rodzice starali si\u0119 zapewni\u0107 synowi doskona\u0142e wykszta\u0142cenie, a przyk\u0142ad ojca i jego przyjaci\u00f3\u0142 zainspirowa\u0142 Kenesa do ci\u0119\u017ckiej nauki. Rakishev uzyska\u0142 dwa wy\u017csze wykszta\u0142cenia w swojej ojczy\u017anie: w Pa\u0144stwowej Akademii Prawa i na Uniwersytecie Ekonomicznym im. Pi\u0119\u0107 lat po za\u0142o\u017ceniu w\u0142asnej firmy Kenes Rakishev uzyska\u0142 dyplom Oxford Said Business-School w zakresie zaawansowanego zarz\u0105dzania oraz certyfikat London Business School w zakresie opracowywania strategii tworzenia warto\u015bci.<\/p><p>W wieku dwudziestu lat Kenes Rakishev po\u015blubi\u0142 c\u00f3rk\u0119 jednego ze wsp\u00f3lnik\u00f3w swojego ojca, Asel Tasmagambetov\u0105. Te\u015b\u0107 biznesmena to Imangali Nurgalievich Tasmagambetov, wa\u017cna posta\u0107 polityczna. Pe\u0142ni\u0142 funkcj\u0119 szefa administracji prezydenckiej, by\u0142 akimem A\u0142maty i Astany, a tak\u017ce ministrem obrony Republiki Kazachstanu.<\/p>\t\t\t\t\t\t\t\t<\/div>\n\t\t\t\t<\/div>\n\t\t\t\t<div class=\"elementor-element elementor-element-b2bbb7f elementor-widget elementor-widget-image\" data-id=\"b2bbb7f\" data-element_type=\"widget\" data-e-type=\"widget\" data-widget_type=\"image.default\">\n\t\t\t\t<div class=\"elementor-widget-container\">\n\t\t\t\t\t\t\t\t\t\t\t\t\t\t\t<img decoding=\"async\" width=\"1000\" height=\"667\" src=\"https:\/\/kenes-rakishev.net\/wp-content\/uploads\/2023\/11\/\u0440\u0430\u043a\u0438\u0448\u0435\u0432300318-1.jpg\" class=\"attachment-full size-full wp-image-1867\" alt=\"Kenes Rakishev z \u017con\u0105 Aselle Tasmagambetov\u0105\" srcset=\"https:\/\/kenes-rakishev.net\/wp-content\/uploads\/2023\/11\/\u0440\u0430\u043a\u0438\u0448\u0435\u0432300318-1.jpg 1000w, https:\/\/kenes-rakishev.net\/wp-content\/uploads\/2023\/11\/\u0440\u0430\u043a\u0438\u0448\u0435\u0432300318-1-300x200.jpg 300w, https:\/\/kenes-rakishev.net\/wp-content\/uploads\/2023\/11\/\u0440\u0430\u043a\u0438\u0448\u0435\u0432300318-1-768x512.jpg 768w, https:\/\/kenes-rakishev.net\/wp-content\/uploads\/2023\/11\/\u0440\u0430\u043a\u0438\u0448\u0435\u0432300318-1-18x12.jpg 18w\" sizes=\"(max-width: 1000px) 100vw, 1000px\" \/>\t\t\t\t\t\t\t\t\t\t\t\t\t\t\t<\/div>\n\t\t\t\t<\/div>\n\t\t\t\t<div class=\"elementor-element elementor-element-fced238 elementor-widget elementor-widget-text-editor\" data-id=\"fced238\" data-element_type=\"widget\" data-e-type=\"widget\" data-widget_type=\"text-editor.default\">\n\t\t\t\t<div class=\"elementor-widget-container\">\n\t\t\t\t\t\t\t\t\t<p>Asel Tasmagambetova jest w\u0142a\u015bcicielk\u0105 marki kosmetycznej Telli, kt\u00f3ra produkuje organiczne kosmetyki i perfumy. Jest tak\u017ce dyrektorem \u015arodkowoazjatyckiego Instytutu Studi\u00f3w \u015arodowiskowych. Jednak pomimo aktywnej pracy publicznej i spo\u0142ecznej, Asel nie lubi zwraca\u0107 na siebie uwagi, rzadko udziela wywiad\u00f3w i nie pojawia si\u0119 w telewizji<\/p><p>Kenes i Asel maj\u0105 dw\u00f3ch syn\u00f3w i dwie c\u00f3rki - Dinmuhameda i Nuriddin, Sirin i Iman.<\/p>\t\t\t\t\t\t\t\t<\/div>\n\t\t\t\t<\/div>\n\t\t\t\t<div class=\"elementor-element elementor-element-0ba1f02 elementor-widget elementor-widget-heading\" data-id=\"0ba1f02\" data-element_type=\"widget\" data-e-type=\"widget\" data-widget_type=\"heading.default\">\n\t\t\t\t<div class=\"elementor-widget-container\">\n\t\t\t\t\t<h2 class=\"elementor-heading-title elementor-size-default\">Rozw\u00f3j biznesu i kariery<\/h2>\t\t\t\t<\/div>\n\t\t\t\t<\/div>\n\t\t\t\t<div class=\"elementor-element elementor-element-8ccac2d elementor-widget elementor-widget-text-editor\" data-id=\"8ccac2d\" data-element_type=\"widget\" data-e-type=\"widget\" data-widget_type=\"text-editor.default\">\n\t\t\t\t<div class=\"elementor-widget-container\">\n\t\t\t\t\t\t\t\t\t<p>Pocz\u0105tki kariery Kenesa Rakisheva zwi\u0105zane s\u0105 z sektorem naftowym i gazowym. W 2000 r. zosta\u0142 mianowany szefem dzia\u0142u marketingu w Intergas Central Asia. P\u00f3\u017aniej zosta\u0142 wiceprezesem KazTransGas JSC i Zwi\u0105zku Izby Handlowo-Przemys\u0142owej Republiki Kazachstanu.<\/p><p>W 2006 roku m\u0142ody biznesmen obejmuje stanowisko prezesa zarz\u0105du holdingu przemys\u0142owego SAT &amp; Co. W 2012 r. nabywa pakiet kontrolny w sp\u00f3\u0142ce.<\/p><p>W 2014 r. \"Kazkommertsbank\" pod kierownictwem Kenesa Rakisheva wykupuje akcje rosyjskiego \"BTA Banku\".<\/p><p>W 2018 r. firma Ladji, nale\u017c\u0105ca do BTA Bank, og\u0142osi\u0142a wznowienie budowy w trzech zamro\u017conych lokalizacjach w Moskwie. Kenes Rakishev powiedzia\u0142, \u017ce poszukuj\u0105 inwestor\u00f3w do budowy wielofunkcyjnego kompleksu handlowo-przemys\u0142owego na placu Paveletskaya. Przy ulicy Pok\u0142onnej powstanie centrum biznesowe z pi\u0119ciogwiazdkowym hotelem i apartamentami. Przy ulicy Braci Fonczenko powstanie kompleks mieszkaniowy klasy premium i centrum handlowe. Obiekty maj\u0105 zosta\u0107 uko\u0144czone do 2022 roku.<\/p>\t\t\t\t\t\t\t\t<\/div>\n\t\t\t\t<\/div>\n\t\t\t\t<div class=\"elementor-element elementor-element-3a67d1c elementor-widget elementor-widget-heading\" data-id=\"3a67d1c\" data-element_type=\"widget\" data-e-type=\"widget\" data-widget_type=\"heading.default\">\n\t\t\t\t<div class=\"elementor-widget-container\">\n\t\t\t\t\t<h2 class=\"elementor-heading-title elementor-size-default\">Dzia\u0142alno\u015b\u0107 inwestycyjna<\/h2>\t\t\t\t<\/div>\n\t\t\t\t<\/div>\n\t\t\t\t<div class=\"elementor-element elementor-element-2a96599 elementor-widget elementor-widget-text-editor\" data-id=\"2a96599\" data-element_type=\"widget\" data-e-type=\"widget\" data-widget_type=\"text-editor.default\">\n\t\t\t\t<div class=\"elementor-widget-container\">\n\t\t\t\t\t\t\t\t\t<p>Wraz z rozwojem swojej dzia\u0142alno\u015bci inwestycyjnej Kenes Rakishev zwraca uwag\u0119 na ubezpieczenia, fundusze venture i technologie IT. Od 2012 r. jest cz\u0142onkiem zarz\u0105du funduszu venture capital Fastlane Ventures.<\/p><p>W\u0142asny fundusz venture Rakisheva, za\u0142o\u017cony przy wsparciu by\u0142ego premiera Izraela, rozpocz\u0105\u0142 dzia\u0142alno\u015b\u0107 w 2013 roku. Fundusz Singulariteam k\u0142adzie nacisk na poszukiwanie i rozw\u00f3j nowych technologii w dziedzinie robotyki i IT.<\/p><p>G\u0142\u00f3wne inwestycje funduszu to:<\/p><ul><li>Firma Net Element - serwis transakcji elektronicznych;<\/li><li>Serwis Qcard.ru - p\u0142atno\u015bci elektroniczne;<\/li><li>Sie\u0107 detaliczna Magnum Cash &amp; Carry.<\/li><\/ul><p>Na podstawie funduszu Sirin Labs zosta\u0142 opracowany smartfon Solarin. Podczas prezentacji urz\u0105dzenie by\u0142o pozycjonowane jako najbezpieczniejszy smartfon. Do szyfrowania danych wykorzystano technologie s\u0142u\u017cb wywiadowczych, urz\u0105dzenie jest przeznaczone dla polityk\u00f3w i du\u017cych biznesmen\u00f3w.<\/p><p>Kolejnym osi\u0105gni\u0119ciem Sirin Labs by\u0142 smartfon oparty na technologii blockchain. W pierwszych dniach ICO zebrano niezb\u0119dn\u0105 kwot\u0119, a nast\u0119pnie podwojono wysoko\u015b\u0107 op\u0142at. Linia Finney b\u0119dzie obejmowa\u0107 smartfon i komputer, w\u0142asny sklep z aplikacjami z p\u0142atno\u015bciami tokenami i po\u0142\u0105czone portfele kryptowalut.<\/p>\t\t\t\t\t\t\t\t<\/div>\n\t\t\t\t<\/div>\n\t\t\t\t<div class=\"elementor-element elementor-element-421afa4 elementor-widget elementor-widget-heading\" data-id=\"421afa4\" data-element_type=\"widget\" data-e-type=\"widget\" data-widget_type=\"heading.default\">\n\t\t\t\t<div class=\"elementor-widget-container\">\n\t\t\t\t\t<h2 class=\"elementor-heading-title elementor-size-default\">Dzia\u0142alno\u015b\u0107 charytatywna<\/h2>\t\t\t\t<\/div>\n\t\t\t\t<\/div>\n\t\t\t\t<div class=\"elementor-element elementor-element-a7020e4 elementor-widget elementor-widget-text-editor\" data-id=\"a7020e4\" data-element_type=\"widget\" data-e-type=\"widget\" data-widget_type=\"text-editor.default\">\n\t\t\t\t<div class=\"elementor-widget-container\">\n\t\t\t\t\t\t\t\t\t<p>Rodzina Rakishev aktywnie wspiera m\u0142odych przedsi\u0119biorc\u00f3w oraz pomaga sierotom i ubogim. Kenes i jego \u017cona za\u0142o\u017cyli Fundacj\u0119 Charytatywn\u0105 Sabi, kt\u00f3ra wspiera dzieci, m\u0142odzie\u017c i osoby niepe\u0142nosprawne.<\/p><p>Praca fundacji zapewni\u0142a granty i pokry\u0142a koszty szkole\u0144 dla utalentowanych student\u00f3w w Kazachstanie. Instytucje spo\u0142eczne i edukacyjne w kraju uczestniczy\u0142y w programie edukacyjnym, dzi\u0119ki projektowi ponad tysi\u0105c os\u00f3b wzi\u0119\u0142o udzia\u0142 w kursach i uzyska\u0142o praktyczne specjalizacje.<\/p><p>Ponad 300 tys. os\u00f3b otrzyma\u0142o wsparcie i pomoc w leczeniu dzi\u0119ki programowi medycznemu \"Sabi\". Fundacja wspiera osoby niepe\u0142nosprawne, zam\u00f3wiono i op\u0142acono 62 taks\u00f3wki dla os\u00f3b niepe\u0142nosprawnych, aby zapewni\u0107 im mobilno\u015b\u0107.<\/p><p>Fundacja finansuje budow\u0119 boisk sportowych, plac\u00f3w zabaw i sal gimnastycznych. Rodzina Rakishev podarowa\u0142a A\u0142maty now\u0105 szko\u0142\u0119 na 1200 miejsc z nowoczesnym wyposa\u017ceniem.<\/p><p>W 2016 roku rozpocz\u0105\u0142 dzia\u0142alno\u015b\u0107 o\u015brodek adaptacji spo\u0142ecznej \"Meirim\". Zapewnia on zakwaterowanie wychowankom dom\u00f3w dziecka w wieku poni\u017cej 29 lat i pomaga im uzyska\u0107 praktyczne wykszta\u0142cenie w o\u015brodku.<\/p>\t\t\t\t\t\t\t\t<\/div>\n\t\t\t\t<\/div>\n\t\t\t\t<div class=\"elementor-element elementor-element-15ae83f elementor-widget elementor-widget-image\" data-id=\"15ae83f\" data-element_type=\"widget\" data-e-type=\"widget\" data-widget_type=\"image.default\">\n\t\t\t\t<div class=\"elementor-widget-container\">\n\t\t\t\t\t\t\t\t\t\t\t\t\t\t\t<img decoding=\"async\" width=\"1020\" height=\"678\" src=\"https:\/\/kenes-rakishev.net\/wp-content\/uploads\/2023\/11\/\u0440\u0430\u043a\u0438\u0448\u0435\u0432300318-1.png\" class=\"attachment-2048x2048 size-2048x2048 wp-image-1868\" alt=\"\" srcset=\"https:\/\/kenes-rakishev.net\/wp-content\/uploads\/2023\/11\/\u0440\u0430\u043a\u0438\u0448\u0435\u0432300318-1.png 1020w, https:\/\/kenes-rakishev.net\/wp-content\/uploads\/2023\/11\/\u0440\u0430\u043a\u0438\u0448\u0435\u0432300318-1-300x199.png 300w, https:\/\/kenes-rakishev.net\/wp-content\/uploads\/2023\/11\/\u0440\u0430\u043a\u0438\u0448\u0435\u0432300318-1-768x510.png 768w, https:\/\/kenes-rakishev.net\/wp-content\/uploads\/2023\/11\/\u0440\u0430\u043a\u0438\u0448\u0435\u0432300318-1-18x12.png 18w\" sizes=\"(max-width: 1020px) 100vw, 1020px\" \/>\t\t\t\t\t\t\t\t\t\t\t\t\t\t\t<\/div>\n\t\t\t\t<\/div>\n\t\t\t\t<div class=\"elementor-element elementor-element-c5e7e20 elementor-widget elementor-widget-heading\" data-id=\"c5e7e20\" data-element_type=\"widget\" data-e-type=\"widget\" data-widget_type=\"heading.default\">\n\t\t\t\t<div class=\"elementor-widget-container\">\n\t\t\t\t\t<h2 class=\"elementor-heading-title elementor-size-default\">Wsparcie dla startup\u00f3w i m\u0142odych przedsi\u0119biorc\u00f3w<\/h2>\t\t\t\t<\/div>\n\t\t\t\t<\/div>\n\t\t\t\t<div class=\"elementor-element elementor-element-312021d elementor-widget elementor-widget-text-editor\" data-id=\"312021d\" data-element_type=\"widget\" data-e-type=\"widget\" data-widget_type=\"text-editor.default\">\n\t\t\t\t<div class=\"elementor-widget-container\">\n\t\t\t\t\t\t\t\t\t<p>Program \"Zbuduj sw\u00f3j biznes\" jest organizowany przez Fundacj\u0119 Sabi przy wsparciu finansowym Kenesa Rakisheva i Vyacheslava Kima. W ramach programu m\u0142odzi przedsi\u0119biorcy mog\u0105 otrzyma\u0107 dotacj\u0119 na realizacj\u0119 w\u0142asnego pomys\u0142u na biznes. W ci\u0105gu ostatnich pi\u0119ciu lat w ramach programu rozdano ponad 1,4 miliona z\u0142otych.<\/p><p>W 2017 r. z\u0142o\u017cono 393 wnioski i wy\u0142oniono 26 finalist\u00f3w. W pierwszym kwartale 2018 roku og\u0142oszono nazwiska 10 zwyci\u0119zc\u00f3w. Projekty obejmuj\u0105 kawiarni\u0119, produkcj\u0119 elektroniki, drukarni\u0119, elektryczny w\u00f3zek inwalidzki i inne.<\/p><p>Rakishev i Kim nie trac\u0105 kontaktu ze zdobywcami nagr\u00f3d funduszu. Podczas Almaty Pop Up Store w 2017 roku wszyscy poprzedni uczestnicy projektu zebrali si\u0119, aby zaprezentowa\u0107 swoje produkty i porozmawia\u0107 o swoich osi\u0105gni\u0119ciach.<\/p><p>Nazwisko Kenesa Rakisheva jest szanowane w Kazachstanie i poza nim - biznesmenowi uda\u0142o si\u0119 zrealizowa\u0107 wiele projekt\u00f3w w sferze finansowej, naftowo-gazowej i IT. Jednocze\u015bnie przedsi\u0119biorca i jego rodzina pomagaj\u0105 rozwija\u0107 zdrowe \u015brodowisko spo\u0142eczne w kraju.<\/p>\t\t\t\t\t\t\t\t<\/div>\n\t\t\t\t<\/div>\n\t\t\t\t\t<\/div>\n\t\t\t\t<\/div>\n\t\t\t\t<\/div>","protected":false},"excerpt":{"rendered":"<p>Let&#8217;s analyze Kenes Rakishev&#8217;s activities in detail. Kenes Rakishev is a major figure in the political and economic arena of Kazakhstan. The venture investor has realized many major projects and attracted significant capital into business. In addition, Rakishev is actively engaged in charitable activities and support of young entrepreneurs. Family relationships and personal life Kenes [&hellip;]<\/p>","protected":false},"author":1,"featured_media":0,"parent":0,"menu_order":0,"comment_status":"closed","ping_status":"closed","template":"","meta":{"footnotes":""},"class_list":["post-1864","page","type-page","status-publish","hentry"],"acf":[],"_links":{"self":[{"href":"https:\/\/kenes-rakishev.net\/pl\/wp-json\/wp\/v2\/pages\/1864","targetHints":{"allow":["GET"]}}],"collection":[{"href":"https:\/\/kenes-rakishev.net\/pl\/wp-json\/wp\/v2\/pages"}],"about":[{"href":"https:\/\/kenes-rakishev.net\/pl\/wp-json\/wp\/v2\/types\/page"}],"author":[{"embeddable":true,"href":"https:\/\/kenes-rakishev.net\/pl\/wp-json\/wp\/v2\/users\/1"}],"replies":[{"embeddable":true,"href":"https:\/\/kenes-rakishev.net\/pl\/wp-json\/wp\/v2\/comments?post=1864"}],"version-history":[{"count":4,"href":"https:\/\/kenes-rakishev.net\/pl\/wp-json\/wp\/v2\/pages\/1864\/revisions"}],"predecessor-version":[{"id":1871,"href":"https:\/\/kenes-rakishev.net\/pl\/wp-json\/wp\/v2\/pages\/1864\/revisions\/1871"}],"wp:attachment":[{"href":"https:\/\/kenes-rakishev.net\/pl\/wp-json\/wp\/v2\/media?parent=1864"}],"curies":[{"name":"wp","href":"https:\/\/api.w.org\/{rel}","templated":true}]}}