{"id":1864,"date":"2022-08-23T07:02:00","date_gmt":"2022-08-23T07:02:00","guid":{"rendered":"https:\/\/kenes-rakishev.net\/?page_id=1864"},"modified":"2023-11-13T07:29:46","modified_gmt":"2023-11-13T07:29:46","slug":"who-is-kenes-rakishev","status":"publish","type":"page","link":"https:\/\/kenes-rakishev.net\/pt\/who-is-kenes-rakishev\/","title":{"rendered":"Quem \u00e9 Kenes Rakishev?"},"content":{"rendered":"<div data-elementor-type=\"wp-page\" data-elementor-id=\"1864\" class=\"elementor elementor-1864\" data-elementor-post-type=\"page\">\n\t\t\t\t<div class=\"elementor-element elementor-element-bf74eb6 e-flex e-con-boxed e-con e-parent\" data-id=\"bf74eb6\" data-element_type=\"container\" data-e-type=\"container\">\n\t\t\t\t\t<div class=\"e-con-inner\">\n\t\t\t\t<div class=\"elementor-element elementor-element-2904d5d elementor-widget elementor-widget-heading\" data-id=\"2904d5d\" data-element_type=\"widget\" data-e-type=\"widget\" data-widget_type=\"heading.default\">\n\t\t\t\t<div class=\"elementor-widget-container\">\n\t\t\t\t\t<h2 class=\"elementor-heading-title elementor-size-default\">Analisemos em pormenor as actividades de Kenes Rakishev.<\/h2>\t\t\t\t<\/div>\n\t\t\t\t<\/div>\n\t\t\t\t<div class=\"elementor-element elementor-element-23b3faa elementor-widget elementor-widget-image\" data-id=\"23b3faa\" data-element_type=\"widget\" data-e-type=\"widget\" data-widget_type=\"image.default\">\n\t\t\t\t<div class=\"elementor-widget-container\">\n\t\t\t\t\t\t\t\t\t\t\t\t\t\t\t<img fetchpriority=\"high\" decoding=\"async\" width=\"1600\" height=\"1066\" src=\"https:\/\/kenes-rakishev.net\/wp-content\/uploads\/2023\/11\/kenesrakishev.jpg\" class=\"attachment-full size-full wp-image-1866\" alt=\"kenes rakishev\" srcset=\"https:\/\/kenes-rakishev.net\/wp-content\/uploads\/2023\/11\/kenesrakishev.jpg 1600w, https:\/\/kenes-rakishev.net\/wp-content\/uploads\/2023\/11\/kenesrakishev-300x200.jpg 300w, https:\/\/kenes-rakishev.net\/wp-content\/uploads\/2023\/11\/kenesrakishev-1024x682.jpg 1024w, https:\/\/kenes-rakishev.net\/wp-content\/uploads\/2023\/11\/kenesrakishev-768x512.jpg 768w, https:\/\/kenes-rakishev.net\/wp-content\/uploads\/2023\/11\/kenesrakishev-1536x1023.jpg 1536w, https:\/\/kenes-rakishev.net\/wp-content\/uploads\/2023\/11\/kenesrakishev-18x12.jpg 18w\" sizes=\"(max-width: 1600px) 100vw, 1600px\" \/>\t\t\t\t\t\t\t\t\t\t\t\t\t\t\t<\/div>\n\t\t\t\t<\/div>\n\t\t\t\t<div class=\"elementor-element elementor-element-1f603e4 elementor-widget elementor-widget-text-editor\" data-id=\"1f603e4\" data-element_type=\"widget\" data-e-type=\"widget\" data-widget_type=\"text-editor.default\">\n\t\t\t\t<div class=\"elementor-widget-container\">\n\t\t\t\t\t\t\t\t\t<p>Kenes Rakishev \u00e9 uma figura importante na arena pol\u00edtica e econ\u00f3mica do Cazaquist\u00e3o. Este investidor de risco realizou muitos projectos importantes e atraiu capitais significativos para as empresas. Al\u00e9m disso, Rakishev est\u00e1 ativamente empenhado em actividades de caridade e no apoio a jovens empres\u00e1rios.<\/p>\t\t\t\t\t\t\t\t<\/div>\n\t\t\t\t<\/div>\n\t\t\t\t<div class=\"elementor-element elementor-element-3838103 elementor-widget elementor-widget-heading\" data-id=\"3838103\" data-element_type=\"widget\" data-e-type=\"widget\" data-widget_type=\"heading.default\">\n\t\t\t\t<div class=\"elementor-widget-container\">\n\t\t\t\t\t<h2 class=\"elementor-heading-title elementor-size-default\">Rela\u00e7\u00f5es familiares e vida pessoal<\/h2>\t\t\t\t<\/div>\n\t\t\t\t<\/div>\n\t\t\t\t<div class=\"elementor-element elementor-element-50014ab elementor-widget elementor-widget-text-editor\" data-id=\"50014ab\" data-element_type=\"widget\" data-e-type=\"widget\" data-widget_type=\"text-editor.default\">\n\t\t\t\t<div class=\"elementor-widget-container\">\n\t\t\t\t\t\t\t\t\t<p>Kenes Rakishev nasceu no seio da fam\u00edlia de Hamit Koshanovich Rakishev, que na altura dirigia a C\u00e2mara de Com\u00e9rcio e Ind\u00fastria do Cazaquist\u00e3o. Os seus pais tentaram dar ao filho uma excelente educa\u00e7\u00e3o e o exemplo do pai e dos amigos inspirou Kenes a estudar arduamente. Rakishev recebeu dois cursos superiores na sua terra natal: na Academia Estatal de Direito e na Universidade de Economia T. Ryskulov. Cinco anos ap\u00f3s ter iniciado a sua pr\u00f3pria atividade, Kenes Rakishev recebeu um diploma da Oxford Said Business-School em Gest\u00e3o Avan\u00e7ada e um certificado da London Business School em Desenvolvimento de Estrat\u00e9gias para a Cria\u00e7\u00e3o de Valor.<\/p><p>Aos vinte anos de idade, Kenes Rakishev casou-se com a filha de um dos s\u00f3cios do seu pai, Asel Tasmagambetova. O sogro do empres\u00e1rio \u00e9 Imangali Nurgalievich Tasmagambetov, uma importante figura pol\u00edtica. Foi chefe da Administra\u00e7\u00e3o Presidencial, Akim de Almaty e Astana, bem como Ministro da Defesa da Rep\u00fablica do Cazaquist\u00e3o.<\/p>\t\t\t\t\t\t\t\t<\/div>\n\t\t\t\t<\/div>\n\t\t\t\t<div class=\"elementor-element elementor-element-b2bbb7f elementor-widget elementor-widget-image\" data-id=\"b2bbb7f\" data-element_type=\"widget\" data-e-type=\"widget\" data-widget_type=\"image.default\">\n\t\t\t\t<div class=\"elementor-widget-container\">\n\t\t\t\t\t\t\t\t\t\t\t\t\t\t\t<img decoding=\"async\" width=\"1000\" height=\"667\" src=\"https:\/\/kenes-rakishev.net\/wp-content\/uploads\/2023\/11\/\u0440\u0430\u043a\u0438\u0448\u0435\u0432300318-1.jpg\" class=\"attachment-full size-full wp-image-1867\" alt=\"Kenes Rakishev com a sua mulher Aselle Tasmagambetova\" srcset=\"https:\/\/kenes-rakishev.net\/wp-content\/uploads\/2023\/11\/\u0440\u0430\u043a\u0438\u0448\u0435\u0432300318-1.jpg 1000w, https:\/\/kenes-rakishev.net\/wp-content\/uploads\/2023\/11\/\u0440\u0430\u043a\u0438\u0448\u0435\u0432300318-1-300x200.jpg 300w, https:\/\/kenes-rakishev.net\/wp-content\/uploads\/2023\/11\/\u0440\u0430\u043a\u0438\u0448\u0435\u0432300318-1-768x512.jpg 768w, https:\/\/kenes-rakishev.net\/wp-content\/uploads\/2023\/11\/\u0440\u0430\u043a\u0438\u0448\u0435\u0432300318-1-18x12.jpg 18w\" sizes=\"(max-width: 1000px) 100vw, 1000px\" \/>\t\t\t\t\t\t\t\t\t\t\t\t\t\t\t<\/div>\n\t\t\t\t<\/div>\n\t\t\t\t<div class=\"elementor-element elementor-element-fced238 elementor-widget elementor-widget-text-editor\" data-id=\"fced238\" data-element_type=\"widget\" data-e-type=\"widget\" data-widget_type=\"text-editor.default\">\n\t\t\t\t<div class=\"elementor-widget-container\">\n\t\t\t\t\t\t\t\t\t<p>Asel Tasmagambetova \u00e9 propriet\u00e1ria da marca de cosm\u00e9ticos Telli, que produz cosm\u00e9ticos e perfumes biol\u00f3gicos. \u00c9 tamb\u00e9m diretora do Instituto de Estudos Ambientais da \u00c1sia Central. No entanto, apesar do seu ativo trabalho p\u00fablico e social, Asel n\u00e3o gosta de chamar a aten\u00e7\u00e3o para si, raramente d\u00e1 entrevistas e n\u00e3o aparece na televis\u00e3o<\/p><p>Kenes e Asel t\u00eam dois filhos e duas filhas - Dinmuhamed e Nuriddin, Sirin e Iman.<\/p>\t\t\t\t\t\t\t\t<\/div>\n\t\t\t\t<\/div>\n\t\t\t\t<div class=\"elementor-element elementor-element-0ba1f02 elementor-widget elementor-widget-heading\" data-id=\"0ba1f02\" data-element_type=\"widget\" data-e-type=\"widget\" data-widget_type=\"heading.default\">\n\t\t\t\t<div class=\"elementor-widget-container\">\n\t\t\t\t\t<h2 class=\"elementor-heading-title elementor-size-default\">Desenvolvimento empresarial e profissional<\/h2>\t\t\t\t<\/div>\n\t\t\t\t<\/div>\n\t\t\t\t<div class=\"elementor-element elementor-element-8ccac2d elementor-widget elementor-widget-text-editor\" data-id=\"8ccac2d\" data-element_type=\"widget\" data-e-type=\"widget\" data-widget_type=\"text-editor.default\">\n\t\t\t\t<div class=\"elementor-widget-container\">\n\t\t\t\t\t\t\t\t\t<p>O in\u00edcio da carreira de Kenes Rakishev est\u00e1 ligado ao sector do petr\u00f3leo e do g\u00e1s. Em 2000, foi nomeado Diretor do Departamento de Marketing da Intergas Central Asia. Mais tarde, tornou-se vice-presidente da KazTransGas JSC e da Uni\u00e3o da C\u00e2mara de Com\u00e9rcio e Ind\u00fastria da Rep\u00fablica do Cazaquist\u00e3o.<\/p><p>Em 2006, o jovem empres\u00e1rio ocupa o cargo de Presidente do Conselho de Administra\u00e7\u00e3o da holding industrial SAT &amp; Co. Em 2012, adquire uma participa\u00e7\u00e3o de controlo na empresa.<\/p><p>Em 2014, o \"Kazkommertsbank\", sob a dire\u00e7\u00e3o de Kenes Rakishev, compra as ac\u00e7\u00f5es do banco russo \"BTA Bank\".<\/p><p>Em 2018, a Ladji, que \u00e9 propriedade do Banco BTA, anunciou o rein\u00edcio da constru\u00e7\u00e3o em tr\u00eas locais congelados em Moscovo. Kenes Rakishev disse que est\u00e3o \u00e0 procura de investidores para construir um complexo comercial e industrial multifuncional na Pra\u00e7a Paveletskaya. Na rua Poklonnaya ser\u00e1 constru\u00eddo um centro de neg\u00f3cios com um hotel de cinco estrelas e apartamentos. A rua Fonchenko Brothers ser\u00e1 decorada com um complexo residencial de primeira classe e um centro comercial. Prev\u00ea-se que os objectos estejam conclu\u00eddos at\u00e9 2022.<\/p>\t\t\t\t\t\t\t\t<\/div>\n\t\t\t\t<\/div>\n\t\t\t\t<div class=\"elementor-element elementor-element-3a67d1c elementor-widget elementor-widget-heading\" data-id=\"3a67d1c\" data-element_type=\"widget\" data-e-type=\"widget\" data-widget_type=\"heading.default\">\n\t\t\t\t<div class=\"elementor-widget-container\">\n\t\t\t\t\t<h2 class=\"elementor-heading-title elementor-size-default\">Actividades de investimento<\/h2>\t\t\t\t<\/div>\n\t\t\t\t<\/div>\n\t\t\t\t<div class=\"elementor-element elementor-element-2a96599 elementor-widget elementor-widget-text-editor\" data-id=\"2a96599\" data-element_type=\"widget\" data-e-type=\"widget\" data-widget_type=\"text-editor.default\">\n\t\t\t\t<div class=\"elementor-widget-container\">\n\t\t\t\t\t\t\t\t\t<p>Com o desenvolvimento das suas actividades de investimento, Kenes Rakishev concentra a sua aten\u00e7\u00e3o nos seguros, nos fundos de risco e nas tecnologias da informa\u00e7\u00e3o. Desde 2012, \u00e9 membro do conselho de administra\u00e7\u00e3o do fundo de risco Fastlane Ventures.<\/p><p>O fundo de risco do pr\u00f3prio Rakishev, criado com o apoio do antigo primeiro-ministro israelita, come\u00e7ou a funcionar em 2013. O fundo Singulariteam centra-se na procura e no desenvolvimento de novas tecnologias no dom\u00ednio da rob\u00f3tica e das TI.<\/p><p>Os principais investimentos do fundo s\u00e3o:<\/p><ul><li>Empresa Net Element - servi\u00e7o de transac\u00e7\u00f5es electr\u00f3nicas;<\/li><li>Servi\u00e7o Qcard.ru - pagamentos electr\u00f3nicos;<\/li><li>Cadeia de retalho Magnum Cash &amp; Carry.<\/li><\/ul><p>Com base no fundo Sirin Labs foi desenvolvido um smartphone Solarin. Na apresenta\u00e7\u00e3o, o aparelho foi apresentado como o smartphone mais seguro. Foram utilizadas tecnologias dos servi\u00e7os secretos para a encripta\u00e7\u00e3o de dados e o aparelho destina-se a pol\u00edticos e grandes empres\u00e1rios.<\/p><p>O desenvolvimento seguinte da Sirin Labs foi um smartphone com tecnologia blockchain. Durante os primeiros dias da ICO, foi angariado o montante necess\u00e1rio, tendo posteriormente o montante das taxas duplicado. A linha Finney incluir\u00e1 um smartphone e um PC, a sua pr\u00f3pria loja de aplica\u00e7\u00f5es com pagamentos em fichas e carteiras de criptomoedas associadas.<\/p>\t\t\t\t\t\t\t\t<\/div>\n\t\t\t\t<\/div>\n\t\t\t\t<div class=\"elementor-element elementor-element-421afa4 elementor-widget elementor-widget-heading\" data-id=\"421afa4\" data-element_type=\"widget\" data-e-type=\"widget\" data-widget_type=\"heading.default\">\n\t\t\t\t<div class=\"elementor-widget-container\">\n\t\t\t\t\t<h2 class=\"elementor-heading-title elementor-size-default\">Actividades caritativas<\/h2>\t\t\t\t<\/div>\n\t\t\t\t<\/div>\n\t\t\t\t<div class=\"elementor-element elementor-element-a7020e4 elementor-widget elementor-widget-text-editor\" data-id=\"a7020e4\" data-element_type=\"widget\" data-e-type=\"widget\" data-widget_type=\"text-editor.default\">\n\t\t\t\t<div class=\"elementor-widget-container\">\n\t\t\t\t\t\t\t\t\t<p>A fam\u00edlia Rakishev apoia ativamente os jovens empres\u00e1rios e ajuda os \u00f3rf\u00e3os e os pobres. Kenes e a sua mulher criaram a Sabi Charitable Foundation, que apoia crian\u00e7as, jovens e pessoas com defici\u00eancia.<\/p><p>O trabalho da funda\u00e7\u00e3o proporcionou bolsas e cobriu os custos de forma\u00e7\u00e3o de estudantes talentosos no Cazaquist\u00e3o. As institui\u00e7\u00f5es sociais e educativas do pa\u00eds participaram no programa educativo e, gra\u00e7as ao projeto, mais de mil pessoas frequentaram cursos e receberam especializa\u00e7\u00f5es pr\u00e1ticas.<\/p><p>Mais de 300 mil pessoas receberam apoio e assist\u00eancia no tratamento gra\u00e7as ao programa m\u00e9dico \"Sabi\". A Funda\u00e7\u00e3o apoia pessoas com defici\u00eancia, tendo sido encomendadas e pagas 62 viaturas para pessoas com defici\u00eancia, a fim de garantir a sua mobilidade.<\/p><p>A Funda\u00e7\u00e3o financia a constru\u00e7\u00e3o de campos desportivos, parques infantis e gin\u00e1sios. A fam\u00edlia Rakishev doou a Almaty uma nova escola com 1200 lugares e equipamento moderno.<\/p><p>Em 2016, o centro de adapta\u00e7\u00e3o social \"Meirim\" iniciou a sua atividade. Este centro oferece alojamento a jovens de orfanatos com menos de 29 anos e ajuda-os a receber forma\u00e7\u00e3o pr\u00e1tica no centro.<\/p>\t\t\t\t\t\t\t\t<\/div>\n\t\t\t\t<\/div>\n\t\t\t\t<div class=\"elementor-element elementor-element-15ae83f elementor-widget elementor-widget-image\" data-id=\"15ae83f\" data-element_type=\"widget\" data-e-type=\"widget\" data-widget_type=\"image.default\">\n\t\t\t\t<div class=\"elementor-widget-container\">\n\t\t\t\t\t\t\t\t\t\t\t\t\t\t\t<img decoding=\"async\" width=\"1020\" height=\"678\" src=\"https:\/\/kenes-rakishev.net\/wp-content\/uploads\/2023\/11\/\u0440\u0430\u043a\u0438\u0448\u0435\u0432300318-1.png\" class=\"attachment-2048x2048 size-2048x2048 wp-image-1868\" alt=\"\" srcset=\"https:\/\/kenes-rakishev.net\/wp-content\/uploads\/2023\/11\/\u0440\u0430\u043a\u0438\u0448\u0435\u0432300318-1.png 1020w, https:\/\/kenes-rakishev.net\/wp-content\/uploads\/2023\/11\/\u0440\u0430\u043a\u0438\u0448\u0435\u0432300318-1-300x199.png 300w, https:\/\/kenes-rakishev.net\/wp-content\/uploads\/2023\/11\/\u0440\u0430\u043a\u0438\u0448\u0435\u0432300318-1-768x510.png 768w, https:\/\/kenes-rakishev.net\/wp-content\/uploads\/2023\/11\/\u0440\u0430\u043a\u0438\u0448\u0435\u0432300318-1-18x12.png 18w\" sizes=\"(max-width: 1020px) 100vw, 1020px\" \/>\t\t\t\t\t\t\t\t\t\t\t\t\t\t\t<\/div>\n\t\t\t\t<\/div>\n\t\t\t\t<div class=\"elementor-element elementor-element-c5e7e20 elementor-widget elementor-widget-heading\" data-id=\"c5e7e20\" data-element_type=\"widget\" data-e-type=\"widget\" data-widget_type=\"heading.default\">\n\t\t\t\t<div class=\"elementor-widget-container\">\n\t\t\t\t\t<h2 class=\"elementor-heading-title elementor-size-default\">Apoio \u00e0s empresas em fase de arranque e aos jovens empres\u00e1rios<\/h2>\t\t\t\t<\/div>\n\t\t\t\t<\/div>\n\t\t\t\t<div class=\"elementor-element elementor-element-312021d elementor-widget elementor-widget-text-editor\" data-id=\"312021d\" data-element_type=\"widget\" data-e-type=\"widget\" data-widget_type=\"text-editor.default\">\n\t\t\t\t<div class=\"elementor-widget-container\">\n\t\t\t\t\t\t\t\t\t<p>O programa \"Build Your Business\" \u00e9 organizado pela Funda\u00e7\u00e3o Sabi com financiamento de Kenes Rakishev e Vyacheslav Kim. Neste programa, os jovens empres\u00e1rios podem receber uma subven\u00e7\u00e3o para a realiza\u00e7\u00e3o da sua pr\u00f3pria ideia de neg\u00f3cio. Nos \u00faltimos cinco anos do programa, foram concedidos mais de $1 milh\u00f5es.<\/p><p>Em 2017, foram apresentadas 393 candidaturas e foram selecionados 26 finalistas. No primeiro trimestre de 2018, foram anunciados os nomes dos 10 vencedores. Os projectos incluem um caf\u00e9, uma produ\u00e7\u00e3o eletr\u00f3nica, uma gr\u00e1fica, um ve\u00edculo el\u00e9trico em cadeira de rodas, entre outros.<\/p><p>Rakishev e Kim n\u00e3o perdem o contacto com os vencedores dos pr\u00e9mios do fundo. Na Almaty Pop Up Store de 2017, todos os anteriores participantes no projeto se reuniram para apresentar os seus produtos e falar sobre as suas realiza\u00e7\u00f5es.<\/p><p>O nome de Kenes Rakishev \u00e9 respeitado no Cazaquist\u00e3o e n\u00e3o s\u00f3 - o empres\u00e1rio conseguiu realizar muitos projectos nos dom\u00ednios financeiro, do petr\u00f3leo e do g\u00e1s e das TI. Ao mesmo tempo, o empres\u00e1rio e a sua fam\u00edlia ajudam a desenvolver um ambiente social saud\u00e1vel no pa\u00eds.<\/p>\t\t\t\t\t\t\t\t<\/div>\n\t\t\t\t<\/div>\n\t\t\t\t\t<\/div>\n\t\t\t\t<\/div>\n\t\t\t\t<\/div>","protected":false},"excerpt":{"rendered":"<p>Let&#8217;s analyze Kenes Rakishev&#8217;s activities in detail. Kenes Rakishev is a major figure in the political and economic arena of Kazakhstan. The venture investor has realized many major projects and attracted significant capital into business. In addition, Rakishev is actively engaged in charitable activities and support of young entrepreneurs. Family relationships and personal life Kenes [&hellip;]<\/p>","protected":false},"author":1,"featured_media":0,"parent":0,"menu_order":0,"comment_status":"closed","ping_status":"closed","template":"","meta":{"footnotes":""},"class_list":["post-1864","page","type-page","status-publish","hentry"],"acf":[],"_links":{"self":[{"href":"https:\/\/kenes-rakishev.net\/pt\/wp-json\/wp\/v2\/pages\/1864","targetHints":{"allow":["GET"]}}],"collection":[{"href":"https:\/\/kenes-rakishev.net\/pt\/wp-json\/wp\/v2\/pages"}],"about":[{"href":"https:\/\/kenes-rakishev.net\/pt\/wp-json\/wp\/v2\/types\/page"}],"author":[{"embeddable":true,"href":"https:\/\/kenes-rakishev.net\/pt\/wp-json\/wp\/v2\/users\/1"}],"replies":[{"embeddable":true,"href":"https:\/\/kenes-rakishev.net\/pt\/wp-json\/wp\/v2\/comments?post=1864"}],"version-history":[{"count":4,"href":"https:\/\/kenes-rakishev.net\/pt\/wp-json\/wp\/v2\/pages\/1864\/revisions"}],"predecessor-version":[{"id":1871,"href":"https:\/\/kenes-rakishev.net\/pt\/wp-json\/wp\/v2\/pages\/1864\/revisions\/1871"}],"wp:attachment":[{"href":"https:\/\/kenes-rakishev.net\/pt\/wp-json\/wp\/v2\/media?parent=1864"}],"curies":[{"name":"wp","href":"https:\/\/api.w.org\/{rel}","templated":true}]}}